{"id":10303,"date":"2022-06-10T09:05:54","date_gmt":"2022-06-10T07:05:54","guid":{"rendered":"https:\/\/danvals.com\/roboterschweissen\/"},"modified":"2024-01-09T15:20:53","modified_gmt":"2024-01-09T13:20:53","slug":"roboterschweissen","status":"publish","type":"page","link":"https:\/\/danvals.com\/de\/metallbearbeitung\/schweissen\/roboterschweissen\/","title":{"rendered":"Roboterschwei\u00dfen"},"content":{"rendered":"\t\t<div data-elementor-type=\"wp-page\" data-elementor-id=\"10303\" class=\"elementor elementor-10303 elementor-10078\" data-elementor-post-type=\"page\">\n\t\t\t\t\t\t<section class=\"elementor-section elementor-top-section elementor-element elementor-element-5e7e44b elementor-section-height-min-height elementor-section-boxed elementor-section-height-default elementor-section-items-middle\" data-id=\"5e7e44b\" data-element_type=\"section\" data-e-type=\"section\" data-settings=\"{&quot;background_background&quot;:&quot;classic&quot;,&quot;jet_parallax_layout_list&quot;:[]}\">\n\t\t\t\t\t\t<div class=\"elementor-container elementor-column-gap-default\">\n\t\t\t\t\t<div class=\"elementor-column elementor-col-100 elementor-top-column elementor-element elementor-element-c10874e\" data-id=\"c10874e\" data-element_type=\"column\" data-e-type=\"column\">\n\t\t\t<div class=\"elementor-widget-wrap elementor-element-populated\">\n\t\t\t\t\t\t<div class=\"elementor-element elementor-element-8338fa3 elementor-widget elementor-widget-heading\" data-id=\"8338fa3\" data-element_type=\"widget\" data-e-type=\"widget\" data-widget_type=\"heading.default\">\n\t\t\t\t<div class=\"elementor-widget-container\">\n\t\t\t\t\t<h1 class=\"elementor-heading-title elementor-size-default\">Roboterschwei\u00dfen<\/h1>\t\t\t\t<\/div>\n\t\t\t\t<\/div>\n\t\t\t\t<div class=\"elementor-element elementor-element-22f5cec jet-breadcrumbs-align-center elementor-widget elementor-widget-jet-breadcrumbs\" data-id=\"22f5cec\" data-element_type=\"widget\" data-e-type=\"widget\" data-widget_type=\"jet-breadcrumbs.default\">\n\t\t\t\t<div class=\"elementor-widget-container\">\n\t\t\t\t\t<div class=\"elementor-jet-breadcrumbs jet-blocks\">\n\t\t<div class=\"jet-breadcrumbs\">\n\t\t<div class=\"jet-breadcrumbs__content\">\n\t\t<div class=\"jet-breadcrumbs__wrap\"><div class=\"jet-breadcrumbs__item\"><a href=\"https:\/\/danvals.com\/de\/\" class=\"jet-breadcrumbs__item-link is-home\" rel=\"home\" title=\"Titelseite\">Titelseite<\/a><\/div>\n\t\t<\/div>\n\t\t<\/div>\n\t\t<\/div><\/div>\t\t\t\t<\/div>\n\t\t\t\t<\/div>\n\t\t\t\t\t<\/div>\n\t\t<\/div>\n\t\t\t\t\t<\/div>\n\t\t<\/section>\n\t\t\t\t<section class=\"elementor-section elementor-top-section elementor-element elementor-element-f45b162 elementor-reverse-tablet elementor-reverse-mobile elementor-section-boxed elementor-section-height-default elementor-section-height-default\" data-id=\"f45b162\" data-element_type=\"section\" data-e-type=\"section\" data-settings=\"{&quot;jet_parallax_layout_list&quot;:[]}\">\n\t\t\t\t\t\t<div class=\"elementor-container elementor-column-gap-default\">\n\t\t\t\t\t<div class=\"elementor-column elementor-col-50 elementor-top-column elementor-element elementor-element-bc15111\" data-id=\"bc15111\" data-element_type=\"column\" data-e-type=\"column\">\n\t\t\t<div class=\"elementor-widget-wrap elementor-element-populated\">\n\t\t\t\t\t\t<div class=\"elementor-element elementor-element-3f3f78e elementor-widget elementor-widget-image\" data-id=\"3f3f78e\" data-element_type=\"widget\" data-e-type=\"widget\" data-widget_type=\"image.default\">\n\t\t\t\t<div class=\"elementor-widget-container\">\n\t\t\t\t\t\t\t\t\t\t\t\t\t\t\t<img fetchpriority=\"high\" decoding=\"async\" width=\"1000\" height=\"1055\" src=\"https:\/\/danvals.com\/wp-content\/uploads\/robotsvejsning.jpg\" class=\"attachment-full size-full wp-image-10087\" alt=\"Robotsvejsning\" srcset=\"https:\/\/danvals.com\/wp-content\/uploads\/robotsvejsning.jpg 1000w, https:\/\/danvals.com\/wp-content\/uploads\/robotsvejsning-284x300.jpg 284w, https:\/\/danvals.com\/wp-content\/uploads\/robotsvejsning-971x1024.jpg 971w, https:\/\/danvals.com\/wp-content\/uploads\/robotsvejsning-768x810.jpg 768w\" sizes=\"(max-width: 1000px) 100vw, 1000px\" \/>\t\t\t\t\t\t\t\t\t\t\t\t\t\t\t<\/div>\n\t\t\t\t<\/div>\n\t\t\t\t\t<\/div>\n\t\t<\/div>\n\t\t\t\t<div class=\"elementor-column elementor-col-50 elementor-top-column elementor-element elementor-element-b1c4e46\" data-id=\"b1c4e46\" data-element_type=\"column\" data-e-type=\"column\">\n\t\t\t<div class=\"elementor-widget-wrap elementor-element-populated\">\n\t\t\t\t\t\t<div class=\"elementor-element elementor-element-9f27262 elementor-widget elementor-widget-text-editor\" data-id=\"9f27262\" data-element_type=\"widget\" data-e-type=\"widget\" data-widget_type=\"text-editor.default\">\n\t\t\t\t<div class=\"elementor-widget-container\">\n\t\t\t\t\t\t\t\t\t<p>Dan Vals nutzt Roboterschwei\u00dfen f\u00fcr Produkte von h\u00f6chster Genauigkeit. So entstehen jedes Mal ma\u00dfgeschneiderte L\u00f6sungen von h\u00f6chster Qualit\u00e4t! <\/p>\t\t\t\t\t\t\t\t<\/div>\n\t\t\t\t<\/div>\n\t\t\t\t<div class=\"elementor-element elementor-element-33a6843 elementor-widget elementor-widget-heading\" data-id=\"33a6843\" data-element_type=\"widget\" data-e-type=\"widget\" data-widget_type=\"heading.default\">\n\t\t\t\t<div class=\"elementor-widget-container\">\n\t\t\t\t\t<h2 class=\"elementor-heading-title elementor-size-default\">Roboterschwei\u00dfen: Gleichartige Schwei\u00dfverbindungen <\/h2>\t\t\t\t<\/div>\n\t\t\t\t<\/div>\n\t\t\t\t<div class=\"elementor-element elementor-element-08489d4 elementor-widget elementor-widget-text-editor\" data-id=\"08489d4\" data-element_type=\"widget\" data-e-type=\"widget\" data-widget_type=\"text-editor.default\">\n\t\t\t\t<div class=\"elementor-widget-container\">\n\t\t\t\t\t\t\t\t\t<p>Roboterschwei\u00dfen ergibt pr\u00e4zisere und effektivere Ergebnisse; ein Vorteil bei gro\u00dfen Serien. Die neueste und fortschrittlichste Technik garantiert v\u00f6llig gleichartige Werkst\u00fccke bei geringeren Kosten.<\/p><p>Die Pr\u00e4zision des Roboterschwei\u00dfens vermeidet Ausschuss, da die Maschinen vor Beginn des Schwei\u00dfvorgangs voreingestellt werden. Dabei wird die \u00dcbereinstimmung mit Ihren Spezifikationen \u00fcberpr\u00fcft. Wenn zertifizierte Schwei\u00dfer dieselbe Arbeit manuell ausf\u00fchren, nimmt es mehr Zeit in Anspruch und erh\u00f6ht das Fehlerrisiko. Die Schwei\u00dfroboter dagegen sind millimetergenau einstellbar.<\/p><p>Kurzum: Durch Roboterschwei\u00dfen bekommen Sie pr\u00e4zise und schnellere Schwei\u00dfverbindungen.<\/p>\t\t\t\t\t\t\t\t<\/div>\n\t\t\t\t<\/div>\n\t\t\t\t\t<\/div>\n\t\t<\/div>\n\t\t\t\t\t<\/div>\n\t\t<\/section>\n\t\t\t\t<section class=\"elementor-section elementor-top-section elementor-element elementor-element-a1841de elementor-section-boxed elementor-section-height-default elementor-section-height-default\" data-id=\"a1841de\" data-element_type=\"section\" data-e-type=\"section\" data-settings=\"{&quot;jet_parallax_layout_list&quot;:[]}\">\n\t\t\t\t\t\t<div class=\"elementor-container elementor-column-gap-default\">\n\t\t\t\t\t<div class=\"elementor-column elementor-col-100 elementor-top-column elementor-element elementor-element-5c6e463\" data-id=\"5c6e463\" data-element_type=\"column\" data-e-type=\"column\">\n\t\t\t<div class=\"elementor-widget-wrap elementor-element-populated\">\n\t\t\t\t\t\t<div class=\"elementor-element elementor-element-e4378e3 elementor-widget elementor-widget-heading\" data-id=\"e4378e3\" data-element_type=\"widget\" data-e-type=\"widget\" data-widget_type=\"heading.default\">\n\t\t\t\t<div class=\"elementor-widget-container\">\n\t\t\t\t\t<h2 class=\"elementor-heading-title elementor-size-default\">Wann empfehlen wir Roboterschwei\u00dfen? <\/h2>\t\t\t\t<\/div>\n\t\t\t\t<\/div>\n\t\t\t\t<div class=\"elementor-element elementor-element-8059ac7 elementor-widget elementor-widget-text-editor\" data-id=\"8059ac7\" data-element_type=\"widget\" data-e-type=\"widget\" data-widget_type=\"text-editor.default\">\n\t\t\t\t<div class=\"elementor-widget-container\">\n\t\t\t\t\t\t\t\t\t<p>Bei gr\u00f6\u00dferen Serien oder f\u00fcr sehr pr\u00e4zise Schwei\u00dfverbindungen, sollten Sie Roboterschwei\u00dfen in Erw\u00e4gung ziehen. Denn hier kann der Schwei\u00dfroboter sowohl absolut gleichartige Produkte liefern als auch schwierige, komplizierte Stellen der Werkst\u00fccke zuverl\u00e4ssig bearbeiten.<\/p><p>Beim Roboterschwei\u00dfen stellen wir zuerst eine Schwei\u00dfvorrichtung her, die das Material beim Schwei\u00dfen festh\u00e4lt. Hierbei entstehen Kosten. Deshalb empfehlen wir Roboterschwei\u00dfen f\u00fcr die Herstellung mehrerer Werkst\u00fccke; erst dann ist Roboterschwei\u00dfen die kosteng\u00fcnstigste L\u00f6sung.<\/p><p>Zudem verbraucht Roboterschwei\u00dfen weniger Material, was unterm Strich Kosten spart. Der Roboter f\u00fchrt n\u00e4mlich jedes Mal denselben Schwei\u00dfvorgang aus, sodass weniger Ausschuss entsteht.<\/p><p>Umfang und Schwierigkeit der Arbeit entscheiden also dar\u00fcber, ob Roboterschwei\u00dfen f\u00fcr Sie die ideale L\u00f6sung ist.<\/p><p>Bei kleinen Serien oder einzelnen Projekten, die keine hohe Genauigkeit erfordern, empfehlen wir daher manuelles <span style=\"text-decoration: underline;\"><a href=\"https:\/\/danvals.com\/de\/metallbearbeitung\/schweissen\/\">Schwei\u00dfen<\/a><\/span>.<\/p>\t\t\t\t\t\t\t\t<\/div>\n\t\t\t\t<\/div>\n\t\t\t\t<div class=\"elementor-element elementor-element-a9c3239 elementor-widget elementor-widget-heading\" data-id=\"a9c3239\" data-element_type=\"widget\" data-e-type=\"widget\" data-widget_type=\"heading.default\">\n\t\t\t\t<div class=\"elementor-widget-container\">\n\t\t\t\t\t<h2 class=\"elementor-heading-title elementor-size-default\">Ihr bevorzugter Gesch\u00e4ftspartner sorgt f\u00fcr ma\u00dfgeschneiderte L\u00f6sungen<\/h2>\t\t\t\t<\/div>\n\t\t\t\t<\/div>\n\t\t\t\t<div class=\"elementor-element elementor-element-c9abb7c elementor-widget elementor-widget-text-editor\" data-id=\"c9abb7c\" data-element_type=\"widget\" data-e-type=\"widget\" data-widget_type=\"text-editor.default\">\n\t\t\t\t<div class=\"elementor-widget-container\">\n\t\t\t\t\t\t\t\t\t<p>Bei Dan Vals sind wir sehr stolz auf unsere vielen <a href=\"https:\/\/danvals.com\/de\/fruehere-projekte\/\"><span style=\"text-decoration: underline;\">Projekte und Kooperationspartner<\/span><\/a>, durch die wir umfassenden Einblick in unterschiedlichste Branchen gewonnen haben. Dazu k\u00f6nnen wir mit unserer langj\u00e4hrigen Erfahrung kundenspezifische L\u00f6sungen anbieten, die Ihren Spezifikationen und allen branchenspezifischen Anforderungen entsprechen.<\/p><p>M\u00f6chten Sie mehr \u00fcber die M\u00f6glichkeiten erfahren, die wir Ihnen bieten k\u00f6nnen? Oder ben\u00f6tigen Sie ein konkretes Angebot, dass ihren Bed\u00fcrfnissen entspricht? Wir stehen Ihnen jederzeit gern zu einem unverbindlichen Gespr\u00e4ch zur Verf\u00fcgung! <\/p><p>Unsere <span style=\"text-decoration: underline;\"><a href=\"https:\/\/danvals.com\/de\/kontakt\/\">Kontaktinformationen<\/a><\/span> finden Sie hier.<\/p>\t\t\t\t\t\t\t\t<\/div>\n\t\t\t\t<\/div>\n\t\t\t\t\t<\/div>\n\t\t<\/div>\n\t\t\t\t\t<\/div>\n\t\t<\/section>\n\t\t\t\t<section class=\"elementor-section elementor-top-section elementor-element elementor-element-42e8053 elementor-section-boxed elementor-section-height-default elementor-section-height-default\" data-id=\"42e8053\" data-element_type=\"section\" data-e-type=\"section\" data-settings=\"{&quot;background_background&quot;:&quot;classic&quot;,&quot;jet_parallax_layout_list&quot;:[]}\">\n\t\t\t\t\t\t\t<div class=\"elementor-background-overlay\"><\/div>\n\t\t\t\t\t\t\t<div class=\"elementor-container elementor-column-gap-default\">\n\t\t\t\t\t<div class=\"elementor-column elementor-col-100 elementor-top-column elementor-element elementor-element-ff14c15\" data-id=\"ff14c15\" data-element_type=\"column\" data-e-type=\"column\">\n\t\t\t<div class=\"elementor-widget-wrap elementor-element-populated\">\n\t\t\t\t\t\t<div class=\"elementor-element elementor-element-f4995a9 elementor-widget elementor-widget-heading\" data-id=\"f4995a9\" data-element_type=\"widget\" data-e-type=\"widget\" data-widget_type=\"heading.default\">\n\t\t\t\t<div class=\"elementor-widget-container\">\n\t\t\t\t\t<h2 class=\"elementor-heading-title elementor-size-default\">M\u00d6CHTEN SIE MEHR DAR\u00dcBER ERFAHREN?<\/h2>\t\t\t\t<\/div>\n\t\t\t\t<\/div>\n\t\t\t\t<div class=\"elementor-element elementor-element-0b310e0 elementor-align-center elementor-widget elementor-widget-button\" data-id=\"0b310e0\" data-element_type=\"widget\" data-e-type=\"widget\" data-widget_type=\"button.default\">\n\t\t\t\t<div class=\"elementor-widget-container\">\n\t\t\t\t\t\t\t\t\t<div class=\"elementor-button-wrapper\">\n\t\t\t\t\t<a class=\"elementor-button elementor-button-link elementor-size-lg elementor-animation-float\" href=\"https:\/\/danvals.com\/de\/kontakt\/\">\n\t\t\t\t\t\t<span class=\"elementor-button-content-wrapper\">\n\t\t\t\t\t\t\t\t\t<span class=\"elementor-button-text\">Kontaktiere uns<\/span>\n\t\t\t\t\t<\/span>\n\t\t\t\t\t<\/a>\n\t\t\t\t<\/div>\n\t\t\t\t\t\t\t\t<\/div>\n\t\t\t\t<\/div>\n\t\t\t\t\t<\/div>\n\t\t<\/div>\n\t\t\t\t\t<\/div>\n\t\t<\/section>\n\t\t\t\t<\/div>\n\t\t","protected":false},"excerpt":{"rendered":"<p>Roboterschwei\u00dfen Titelseite Dan Vals nutzt Roboterschwei\u00dfen f\u00fcr Produkte von h\u00f6chster Genauigkeit. So entstehen jedes Mal ma\u00dfgeschneiderte L\u00f6sungen von h\u00f6chster Qualit\u00e4t! Roboterschwei\u00dfen: Gleichartige Schwei\u00dfverbindungen Roboterschwei\u00dfen ergibt pr\u00e4zisere und effektivere Ergebnisse; ein Vorteil bei gro\u00dfen Serien. Die neueste und fortschrittlichste Technik garantiert v\u00f6llig gleichartige Werkst\u00fccke bei geringeren Kosten. Die Pr\u00e4zision des Roboterschwei\u00dfens vermeidet Ausschuss, da die Maschinen [&hellip;]<\/p>\n","protected":false},"author":2,"featured_media":0,"parent":10307,"menu_order":0,"comment_status":"closed","ping_status":"closed","template":"","meta":{"site-sidebar-layout":"no-sidebar","site-content-layout":"page-builder","ast-site-content-layout":"full-width-container","site-content-style":"unboxed","site-sidebar-style":"unboxed","ast-global-header-display":"","ast-banner-title-visibility":"","ast-main-header-display":"","ast-hfb-above-header-display":"","ast-hfb-below-header-display":"","ast-hfb-mobile-header-display":"","site-post-title":"disabled","ast-breadcrumbs-content":"","ast-featured-img":"disabled","footer-sml-layout":"","ast-disable-related-posts":"","theme-transparent-header-meta":"","adv-header-id-meta":"","stick-header-meta":"","header-above-stick-meta":"","header-main-stick-meta":"","header-below-stick-meta":"","astra-migrate-meta-layouts":"set","ast-page-background-enabled":"default","ast-page-background-meta":{"desktop":{"background-color":"var(--ast-global-color-4)","background-image":"","background-repeat":"repeat","background-position":"center center","background-size":"auto","background-attachment":"scroll","background-type":"","background-media":"","overlay-type":"","overlay-color":"","overlay-opacity":"","overlay-gradient":""},"tablet":{"background-color":"","background-image":"","background-repeat":"repeat","background-position":"center center","background-size":"auto","background-attachment":"scroll","background-type":"","background-media":"","overlay-type":"","overlay-color":"","overlay-opacity":"","overlay-gradient":""},"mobile":{"background-color":"","background-image":"","background-repeat":"repeat","background-position":"center center","background-size":"auto","background-attachment":"scroll","background-type":"","background-media":"","overlay-type":"","overlay-color":"","overlay-opacity":"","overlay-gradient":""}},"ast-content-background-meta":{"desktop":{"background-color":"var(--ast-global-color-5)","background-image":"","background-repeat":"repeat","background-position":"center center","background-size":"auto","background-attachment":"scroll","background-type":"","background-media":"","overlay-type":"","overlay-color":"","overlay-opacity":"","overlay-gradient":""},"tablet":{"background-color":"var(--ast-global-color-5)","background-image":"","background-repeat":"repeat","background-position":"center center","background-size":"auto","background-attachment":"scroll","background-type":"","background-media":"","overlay-type":"","overlay-color":"","overlay-opacity":"","overlay-gradient":""},"mobile":{"background-color":"var(--ast-global-color-5)","background-image":"","background-repeat":"repeat","background-position":"center center","background-size":"auto","background-attachment":"scroll","background-type":"","background-media":"","overlay-type":"","overlay-color":"","overlay-opacity":"","overlay-gradient":""}},"footnotes":""},"class_list":["post-10303","page","type-page","status-publish","hentry"],"yoast_head":"<!-- This site is optimized with the Yoast SEO plugin v27.5 - https:\/\/yoast.com\/product\/yoast-seo-wordpress\/ -->\n<title>Roboterschwei\u00dfen | Mehr \u00fcber Pr\u00e4zisionsverfahren | Dan Vals<\/title>\n<meta name=\"description\" content=\"Roboterschwei\u00dfen von Dan Vals liefert pr\u00e4zise Werkst\u00fccke von hoher Qualit\u00e4t. Sie sparen Zeit bei geringerer Ausschussquote. Mehr dazu hier:\" \/>\n<meta name=\"robots\" content=\"index, follow, max-snippet:-1, max-image-preview:large, max-video-preview:-1\" \/>\n<link rel=\"canonical\" href=\"https:\/\/danvals.com\/de\/metallbearbeitung\/schweissen\/roboterschweissen\/\" \/>\n<meta property=\"og:locale\" content=\"de_DE\" \/>\n<meta property=\"og:type\" content=\"article\" \/>\n<meta property=\"og:title\" content=\"Roboterschwei\u00dfen | Mehr \u00fcber Pr\u00e4zisionsverfahren | Dan Vals\" \/>\n<meta property=\"og:description\" content=\"Roboterschwei\u00dfen von Dan Vals liefert pr\u00e4zise Werkst\u00fccke von hoher Qualit\u00e4t. Sie sparen Zeit bei geringerer Ausschussquote. Mehr dazu hier:\" \/>\n<meta property=\"og:url\" content=\"https:\/\/danvals.com\/de\/metallbearbeitung\/schweissen\/roboterschweissen\/\" \/>\n<meta property=\"og:site_name\" content=\"Dan Vals Profilbiegen\" \/>\n<meta property=\"article:modified_time\" content=\"2024-01-09T13:20:53+00:00\" \/>\n<meta property=\"og:image\" content=\"https:\/\/danvals.com\/wp-content\/uploads\/robotsvejsning.jpg\" \/>\n<meta name=\"twitter:card\" content=\"summary_large_image\" \/>\n<meta name=\"twitter:label1\" content=\"Gesch\u00e4tzte Lesezeit\" \/>\n\t<meta name=\"twitter:data1\" content=\"2\u00a0Minuten\" \/>\n<script type=\"application\/ld+json\" class=\"yoast-schema-graph\">{\"@context\":\"https:\\\/\\\/schema.org\",\"@graph\":[{\"@type\":\"WebPage\",\"@id\":\"https:\\\/\\\/danvals.com\\\/de\\\/metallbearbeitung\\\/schweissen\\\/roboterschweissen\\\/\",\"url\":\"https:\\\/\\\/danvals.com\\\/de\\\/metallbearbeitung\\\/schweissen\\\/roboterschweissen\\\/\",\"name\":\"Roboterschwei\u00dfen | Mehr \u00fcber Pr\u00e4zisionsverfahren | Dan Vals\",\"isPartOf\":{\"@id\":\"https:\\\/\\\/danvals.com\\\/#website\"},\"primaryImageOfPage\":{\"@id\":\"https:\\\/\\\/danvals.com\\\/de\\\/metallbearbeitung\\\/schweissen\\\/roboterschweissen\\\/#primaryimage\"},\"image\":{\"@id\":\"https:\\\/\\\/danvals.com\\\/de\\\/metallbearbeitung\\\/schweissen\\\/roboterschweissen\\\/#primaryimage\"},\"thumbnailUrl\":\"https:\\\/\\\/danvals.com\\\/wp-content\\\/uploads\\\/robotsvejsning.jpg\",\"datePublished\":\"2022-06-10T07:05:54+00:00\",\"dateModified\":\"2024-01-09T13:20:53+00:00\",\"description\":\"Roboterschwei\u00dfen von Dan Vals liefert pr\u00e4zise Werkst\u00fccke von hoher Qualit\u00e4t. Sie sparen Zeit bei geringerer Ausschussquote. Mehr dazu hier:\",\"breadcrumb\":{\"@id\":\"https:\\\/\\\/danvals.com\\\/de\\\/metallbearbeitung\\\/schweissen\\\/roboterschweissen\\\/#breadcrumb\"},\"inLanguage\":\"de\",\"potentialAction\":[{\"@type\":\"ReadAction\",\"target\":[\"https:\\\/\\\/danvals.com\\\/de\\\/metallbearbeitung\\\/schweissen\\\/roboterschweissen\\\/\"]}]},{\"@type\":\"ImageObject\",\"inLanguage\":\"de\",\"@id\":\"https:\\\/\\\/danvals.com\\\/de\\\/metallbearbeitung\\\/schweissen\\\/roboterschweissen\\\/#primaryimage\",\"url\":\"https:\\\/\\\/danvals.com\\\/wp-content\\\/uploads\\\/robotsvejsning.jpg\",\"contentUrl\":\"https:\\\/\\\/danvals.com\\\/wp-content\\\/uploads\\\/robotsvejsning.jpg\"},{\"@type\":\"BreadcrumbList\",\"@id\":\"https:\\\/\\\/danvals.com\\\/de\\\/metallbearbeitung\\\/schweissen\\\/roboterschweissen\\\/#breadcrumb\",\"itemListElement\":[{\"@type\":\"ListItem\",\"position\":1,\"name\":\"Hjem\",\"item\":\"https:\\\/\\\/danvals.com\\\/de\\\/forside\\\/\"},{\"@type\":\"ListItem\",\"position\":2,\"name\":\"Metallbearbeitung\",\"item\":\"https:\\\/\\\/danvals.com\\\/de\\\/metallbearbeitung\\\/\"},{\"@type\":\"ListItem\",\"position\":3,\"name\":\"Schwei\u00dfen\",\"item\":\"https:\\\/\\\/danvals.com\\\/de\\\/metallbearbeitung\\\/schweissen\\\/\"},{\"@type\":\"ListItem\",\"position\":4,\"name\":\"Roboterschwei\u00dfen\"}]},{\"@type\":\"WebSite\",\"@id\":\"https:\\\/\\\/danvals.com\\\/#website\",\"url\":\"https:\\\/\\\/danvals.com\\\/\",\"name\":\"Dan Vals Profilbiegen\",\"description\":\"Profile rolling and bending\",\"publisher\":{\"@id\":\"https:\\\/\\\/danvals.com\\\/#organization\"},\"potentialAction\":[{\"@type\":\"SearchAction\",\"target\":{\"@type\":\"EntryPoint\",\"urlTemplate\":\"https:\\\/\\\/danvals.com\\\/?s={search_term_string}\"},\"query-input\":{\"@type\":\"PropertyValueSpecification\",\"valueRequired\":true,\"valueName\":\"search_term_string\"}}],\"inLanguage\":\"de\"},{\"@type\":\"Organization\",\"@id\":\"https:\\\/\\\/danvals.com\\\/#organization\",\"name\":\"Dan Vals\",\"url\":\"https:\\\/\\\/danvals.com\\\/\",\"logo\":{\"@type\":\"ImageObject\",\"inLanguage\":\"de\",\"@id\":\"https:\\\/\\\/danvals.com\\\/#\\\/schema\\\/logo\\\/image\\\/\",\"url\":\"https:\\\/\\\/danvals.com\\\/wp-content\\\/uploads\\\/profilvalsning_logo_01.png\",\"contentUrl\":\"https:\\\/\\\/danvals.com\\\/wp-content\\\/uploads\\\/profilvalsning_logo_01.png\",\"width\":140,\"height\":140,\"caption\":\"Dan Vals\"},\"image\":{\"@id\":\"https:\\\/\\\/danvals.com\\\/#\\\/schema\\\/logo\\\/image\\\/\"}}]}<\/script>\n<!-- \/ Yoast SEO plugin. -->","yoast_head_json":{"title":"Roboterschwei\u00dfen | Mehr \u00fcber Pr\u00e4zisionsverfahren | Dan Vals","description":"Roboterschwei\u00dfen von Dan Vals liefert pr\u00e4zise Werkst\u00fccke von hoher Qualit\u00e4t. Sie sparen Zeit bei geringerer Ausschussquote. Mehr dazu hier:","robots":{"index":"index","follow":"follow","max-snippet":"max-snippet:-1","max-image-preview":"max-image-preview:large","max-video-preview":"max-video-preview:-1"},"canonical":"https:\/\/danvals.com\/de\/metallbearbeitung\/schweissen\/roboterschweissen\/","og_locale":"de_DE","og_type":"article","og_title":"Roboterschwei\u00dfen | Mehr \u00fcber Pr\u00e4zisionsverfahren | Dan Vals","og_description":"Roboterschwei\u00dfen von Dan Vals liefert pr\u00e4zise Werkst\u00fccke von hoher Qualit\u00e4t. Sie sparen Zeit bei geringerer Ausschussquote. Mehr dazu hier:","og_url":"https:\/\/danvals.com\/de\/metallbearbeitung\/schweissen\/roboterschweissen\/","og_site_name":"Dan Vals Profilbiegen","article_modified_time":"2024-01-09T13:20:53+00:00","og_image":[{"url":"https:\/\/danvals.com\/wp-content\/uploads\/robotsvejsning.jpg","type":"","width":"","height":""}],"twitter_card":"summary_large_image","twitter_misc":{"Gesch\u00e4tzte Lesezeit":"2\u00a0Minuten"},"schema":{"@context":"https:\/\/schema.org","@graph":[{"@type":"WebPage","@id":"https:\/\/danvals.com\/de\/metallbearbeitung\/schweissen\/roboterschweissen\/","url":"https:\/\/danvals.com\/de\/metallbearbeitung\/schweissen\/roboterschweissen\/","name":"Roboterschwei\u00dfen | Mehr \u00fcber Pr\u00e4zisionsverfahren | Dan Vals","isPartOf":{"@id":"https:\/\/danvals.com\/#website"},"primaryImageOfPage":{"@id":"https:\/\/danvals.com\/de\/metallbearbeitung\/schweissen\/roboterschweissen\/#primaryimage"},"image":{"@id":"https:\/\/danvals.com\/de\/metallbearbeitung\/schweissen\/roboterschweissen\/#primaryimage"},"thumbnailUrl":"https:\/\/danvals.com\/wp-content\/uploads\/robotsvejsning.jpg","datePublished":"2022-06-10T07:05:54+00:00","dateModified":"2024-01-09T13:20:53+00:00","description":"Roboterschwei\u00dfen von Dan Vals liefert pr\u00e4zise Werkst\u00fccke von hoher Qualit\u00e4t. Sie sparen Zeit bei geringerer Ausschussquote. Mehr dazu hier:","breadcrumb":{"@id":"https:\/\/danvals.com\/de\/metallbearbeitung\/schweissen\/roboterschweissen\/#breadcrumb"},"inLanguage":"de","potentialAction":[{"@type":"ReadAction","target":["https:\/\/danvals.com\/de\/metallbearbeitung\/schweissen\/roboterschweissen\/"]}]},{"@type":"ImageObject","inLanguage":"de","@id":"https:\/\/danvals.com\/de\/metallbearbeitung\/schweissen\/roboterschweissen\/#primaryimage","url":"https:\/\/danvals.com\/wp-content\/uploads\/robotsvejsning.jpg","contentUrl":"https:\/\/danvals.com\/wp-content\/uploads\/robotsvejsning.jpg"},{"@type":"BreadcrumbList","@id":"https:\/\/danvals.com\/de\/metallbearbeitung\/schweissen\/roboterschweissen\/#breadcrumb","itemListElement":[{"@type":"ListItem","position":1,"name":"Hjem","item":"https:\/\/danvals.com\/de\/forside\/"},{"@type":"ListItem","position":2,"name":"Metallbearbeitung","item":"https:\/\/danvals.com\/de\/metallbearbeitung\/"},{"@type":"ListItem","position":3,"name":"Schwei\u00dfen","item":"https:\/\/danvals.com\/de\/metallbearbeitung\/schweissen\/"},{"@type":"ListItem","position":4,"name":"Roboterschwei\u00dfen"}]},{"@type":"WebSite","@id":"https:\/\/danvals.com\/#website","url":"https:\/\/danvals.com\/","name":"Dan Vals Profilbiegen","description":"Profile rolling and bending","publisher":{"@id":"https:\/\/danvals.com\/#organization"},"potentialAction":[{"@type":"SearchAction","target":{"@type":"EntryPoint","urlTemplate":"https:\/\/danvals.com\/?s={search_term_string}"},"query-input":{"@type":"PropertyValueSpecification","valueRequired":true,"valueName":"search_term_string"}}],"inLanguage":"de"},{"@type":"Organization","@id":"https:\/\/danvals.com\/#organization","name":"Dan Vals","url":"https:\/\/danvals.com\/","logo":{"@type":"ImageObject","inLanguage":"de","@id":"https:\/\/danvals.com\/#\/schema\/logo\/image\/","url":"https:\/\/danvals.com\/wp-content\/uploads\/profilvalsning_logo_01.png","contentUrl":"https:\/\/danvals.com\/wp-content\/uploads\/profilvalsning_logo_01.png","width":140,"height":140,"caption":"Dan Vals"},"image":{"@id":"https:\/\/danvals.com\/#\/schema\/logo\/image\/"}}]}},"_links":{"self":[{"href":"https:\/\/danvals.com\/de\/wp-json\/wp\/v2\/pages\/10303","targetHints":{"allow":["GET"]}}],"collection":[{"href":"https:\/\/danvals.com\/de\/wp-json\/wp\/v2\/pages"}],"about":[{"href":"https:\/\/danvals.com\/de\/wp-json\/wp\/v2\/types\/page"}],"author":[{"embeddable":true,"href":"https:\/\/danvals.com\/de\/wp-json\/wp\/v2\/users\/2"}],"replies":[{"embeddable":true,"href":"https:\/\/danvals.com\/de\/wp-json\/wp\/v2\/comments?post=10303"}],"version-history":[{"count":8,"href":"https:\/\/danvals.com\/de\/wp-json\/wp\/v2\/pages\/10303\/revisions"}],"predecessor-version":[{"id":11338,"href":"https:\/\/danvals.com\/de\/wp-json\/wp\/v2\/pages\/10303\/revisions\/11338"}],"up":[{"embeddable":true,"href":"https:\/\/danvals.com\/de\/wp-json\/wp\/v2\/pages\/10307"}],"wp:attachment":[{"href":"https:\/\/danvals.com\/de\/wp-json\/wp\/v2\/media?parent=10303"}],"curies":[{"name":"wp","href":"https:\/\/api.w.org\/{rel}","templated":true}]}}