{"id":8180,"date":"2022-02-04T12:31:50","date_gmt":"2022-02-04T10:31:50","guid":{"rendered":"https:\/\/danvals.com\/wir-uber-uns\/datenschutzrichtlinie\/"},"modified":"2024-01-09T11:44:40","modified_gmt":"2024-01-09T09:44:40","slug":"datenschutzrichtlinie","status":"publish","type":"page","link":"https:\/\/danvals.com\/de\/wir-uber-uns\/datenschutzrichtlinie\/","title":{"rendered":"Datenschutzrichtlinie"},"content":{"rendered":"\t\t<div data-elementor-type=\"wp-page\" data-elementor-id=\"8180\" class=\"elementor elementor-8180 elementor-1851\" data-elementor-post-type=\"page\">\n\t\t\t\t\t\t<section class=\"elementor-section elementor-top-section elementor-element elementor-element-3b906bd elementor-section-height-min-height elementor-section-boxed elementor-section-height-default elementor-section-items-middle\" data-id=\"3b906bd\" data-element_type=\"section\" data-e-type=\"section\" data-settings=\"{&quot;background_background&quot;:&quot;classic&quot;,&quot;jet_parallax_layout_list&quot;:[]}\">\n\t\t\t\t\t\t<div class=\"elementor-container elementor-column-gap-default\">\n\t\t\t\t\t<div class=\"elementor-column elementor-col-100 elementor-top-column elementor-element elementor-element-d771210\" data-id=\"d771210\" data-element_type=\"column\" data-e-type=\"column\">\n\t\t\t<div class=\"elementor-widget-wrap elementor-element-populated\">\n\t\t\t\t\t\t<div class=\"elementor-element elementor-element-66ed451 elementor-widget elementor-widget-heading\" data-id=\"66ed451\" data-element_type=\"widget\" data-e-type=\"widget\" data-widget_type=\"heading.default\">\n\t\t\t\t<div class=\"elementor-widget-container\">\n\t\t\t\t\t<h1 class=\"elementor-heading-title elementor-size-default\">PERS\u00d6NLICHE DATENPOLITIK\n<\/h1>\t\t\t\t<\/div>\n\t\t\t\t<\/div>\n\t\t\t\t<div class=\"elementor-element elementor-element-0c77895 jet-breadcrumbs-align-center elementor-widget elementor-widget-jet-breadcrumbs\" data-id=\"0c77895\" data-element_type=\"widget\" data-e-type=\"widget\" data-widget_type=\"jet-breadcrumbs.default\">\n\t\t\t\t<div class=\"elementor-widget-container\">\n\t\t\t\t\t<div class=\"elementor-jet-breadcrumbs jet-blocks\">\n\t\t<div class=\"jet-breadcrumbs\">\n\t\t<div class=\"jet-breadcrumbs__content\">\n\t\t<div class=\"jet-breadcrumbs__wrap\"><div class=\"jet-breadcrumbs__item\"><a href=\"https:\/\/danvals.com\/de\/\" class=\"jet-breadcrumbs__item-link is-home\" rel=\"home\" title=\"Titelseite\">Titelseite<\/a><\/div>\n\t\t<\/div>\n\t\t<\/div>\n\t\t<\/div><\/div>\t\t\t\t<\/div>\n\t\t\t\t<\/div>\n\t\t\t\t\t<\/div>\n\t\t<\/div>\n\t\t\t\t\t<\/div>\n\t\t<\/section>\n\t\t\t\t<section class=\"elementor-section elementor-top-section elementor-element elementor-element-edaa5aa elementor-section-boxed elementor-section-height-default elementor-section-height-default\" data-id=\"edaa5aa\" data-element_type=\"section\" data-e-type=\"section\" data-settings=\"{&quot;jet_parallax_layout_list&quot;:[]}\">\n\t\t\t\t\t\t<div class=\"elementor-container elementor-column-gap-default\">\n\t\t\t\t\t<div class=\"elementor-column elementor-col-100 elementor-top-column elementor-element elementor-element-c9ae3e6\" data-id=\"c9ae3e6\" data-element_type=\"column\" data-e-type=\"column\">\n\t\t\t<div class=\"elementor-widget-wrap elementor-element-populated\">\n\t\t\t\t\t\t<div class=\"elementor-element elementor-element-8dc4d13 elementor-widget elementor-widget-heading\" data-id=\"8dc4d13\" data-element_type=\"widget\" data-e-type=\"widget\" data-widget_type=\"heading.default\">\n\t\t\t\t<div class=\"elementor-widget-container\">\n\t\t\t\t\t<h2 class=\"elementor-heading-title elementor-size-default\">DAN VALS A \/ S 'RICHTLINIEN ZUR VERARBEITUNG PERSONENBEZOGENER INFORMATIONEN<\/h2>\t\t\t\t<\/div>\n\t\t\t\t<\/div>\n\t\t\t\t<div class=\"elementor-element elementor-element-a2ac55c elementor-widget elementor-widget-text-editor\" data-id=\"a2ac55c\" data-element_type=\"widget\" data-e-type=\"widget\" data-widget_type=\"text-editor.default\">\n\t\t\t\t<div class=\"elementor-widget-container\">\n\t\t\t\t\t\t\t\t\t<p><strong>1. \u00dcber die Datenschutzrichtlinie<\/strong><br \/>Diese Datenschutzrichtlinie soll Sie als Kunden dar\u00fcber informieren, wie Dan Vals A \/ S Ihre pers\u00f6nlichen Daten verarbeitet und welche Rechte Sie in Bezug auf unsere Erhebung, Verarbeitung und Speicherung Ihrer pers\u00f6nlichen Daten haben.<\/p><p><strong>2. Zweck der Verarbeitung Ihrer personenbezogenen Daten<\/strong><br \/>Unser Hauptzweck bei der Verarbeitung Ihrer personenbezogenen Daten ist die Verwaltung Ihrer Eink\u00e4ufe bei uns. Dar\u00fcber hinaus sind wir bestrebt, unsere Produkte zu verbessern und weiterzuentwickeln und Ihnen ein besseres Kundenerlebnis zu bieten. Ihre personenbezogenen Daten sind daher f\u00fcr die Durchf\u00fchrung bestimmter Transaktionen erforderlich und erm\u00f6glichen uns dar\u00fcber hinaus die Entwicklung und Optimierung unserer Produkte.<\/p><p><strong>3. Sammlung und Arten von personenbezogenen Daten<\/strong><br \/>Wenn Sie als Kunde in unserem Unternehmen einkaufen, registrieren wir die notwendigen pers\u00f6nlichen Informationen \u00fcber Sie in Bezug auf Ihre Kundenbeziehung.<\/p><p>Wir erfassen Ihre personenbezogenen Daten auf folgende Weise und aus den folgenden Quellen:<\/p><ul><li>Sie stellen uns Ihre personenbezogenen Daten im Zusammenhang mit einem Kauf unserer Produkte \u00fcber zur Verf\u00fcgung. Postkorrespondenz, Telefon oder andere Kommunikationsmittel.<\/li><li>Sie nutzen soziale Medien wie Facebook und LinkedIN, wo Sie unsere Beitr\u00e4ge verfolgen und ggf. kommentieren oder Funktionen wie Like, Share nutzen oder mit uns kommunizieren k\u00f6nnen.<\/li><li>Die personenbezogenen Daten, die wir \u00fcber Sie verarbeiten, sind insbesondere:<ul><li>Identifikationsinformationen, einschlie\u00dflich Name, Adresse, Telefonnummer und E-Mail-Adresse.<\/li><li>Informationen im Zusammenhang mit der Transaktion, einschlie\u00dflich Art des Produktkaufs, Zahlungsmittel, Preis und Kaufhistorie.<\/li><\/ul><\/li><\/ul><p><strong>4. Rechtsgrundlage f\u00fcr die Verarbeitung Ihrer personenbezogenen Daten<\/strong><br \/>Datenschutz ist ein integraler Bestandteil unseres Unternehmens, und wir sind f\u00fcr den Schutz Ihrer pers\u00f6nlichen Daten verantwortlich, wenn Sie mit uns handeln. Unsere Verarbeitung Ihrer personenbezogenen Daten erfolgt stets in \u00dcbereinstimmung mit nationalen und internationalen Regeln und Standards.<\/p><p>Die Verarbeitung Ihrer personenbezogenen Daten erfolgt, wenn mindestens eine der folgenden Bedingungen zutrifft:<\/p><ul><li>Die Verarbeitung ist erforderlich, um den Kaufvertrag zu erf\u00fcllen, an dem Sie beteiligt sind, und im Zusammenhang mit dem Kauf unserer Produkte enthalten.<\/li><li>Sie haben Ihre freiwillige, spezifische, informierte und eindeutige Einwilligung erteilt, beispielsweise wenn Sie dem Erhalt von Newslettern zustimmen.<\/li><li>Die Verarbeitung ist erforderlich, um eine gesetzliche Verpflichtung f\u00fcr unser Unternehmen zu erf\u00fcllen, beispielsweise die Aufbewahrung von Buchhaltungsunterlagen f\u00fcr einen bestimmten Zeitraum.<\/li><li>Die Verarbeitung ist zur Geltendmachung, Geltendmachung oder Verteidigung eines Rechtsanspruchs erforderlich, beispielsweise im Falle einer Streitigkeit \u00fcber ein bestimmtes Produkt.<\/li><li>Die Verarbeitung ist f\u00fcr uns zur Verfolgung eines berechtigten Interesses erforderlich, das Ihre Interessen \u00fcberwiegt. Unser berechtigtes Interesse kann z.B. unsere Angebote und Anzeigen auf Sie auszurichten, um Ihr Kundenerlebnis zu verbessern.<\/li><\/ul><p><strong>Empf\u00e4nger Ihrer personenbezogenen Daten<\/strong><br \/>Wir tauschen Ihre personenbezogenen Daten nur mit den Empf\u00e4ngern aus, die im Zusammenhang mit Ihrer Kundenbeziehung mit uns erforderlich sind. Wir tauschen personenbezogene Daten mit Folgendem aus:<\/p><ul><li>Banken und Banken, wenn Sie bei uns einkaufen.<\/li><li>Unsere Partner und Lieferanten, die wir genehmigt haben, um uns im Zusammenhang mit unserem Gesch\u00e4ft zu unterst\u00fctzen.<\/li><\/ul><p>Ihre personenbezogenen Daten werden nicht an Drittl\u00e4nder \u00fcbermittelt, dh. L\u00e4nder au\u00dferhalb der EU \/ des EWR.<\/p><p><strong>6. Speicherung und L\u00f6schung Ihrer pers\u00f6nlichen Daten<\/strong><br \/>Wir speichern Ihre personenbezogenen Daten nur so lange, bis sie f\u00fcr den Zweck, f\u00fcr den die Daten verarbeitet werden, nicht mehr erforderlich sind. Ihre personenbezogenen Daten werden daher gem\u00e4\u00df den folgenden Verfahren gel\u00f6scht:<\/p><ul><li>Buchhaltungsinformationen im Zusammenhang mit Ihren Eink\u00e4ufen werden f\u00fcr 5 Jahre ab dem Ende des Gesch\u00e4ftsjahres, auf das sich das Material bezieht, gespeichert.<\/li><\/ul><p><strong>7. Ihre Rechte<\/strong><br \/>Wir haben eine Reihe von Ma\u00dfnahmen ergriffen, um Ihre personenbezogenen Daten zu sch\u00fctzen und Ihre Rechte zu sichern. Da Ihre personenbezogenen Daten verarbeitet werden, k\u00f6nnen Sie von den unten aufgef\u00fchrten Rechten Gebrauch machen. Es muss jedoch betont werden, dass einige der Rechte nicht absolut sind, sondern nur unter bestimmten Umst\u00e4nden gelten.<\/p><p><strong>7.1 Das Auskunftsrecht<\/strong><br \/>Sie haben das Recht, Einsicht in die personenbezogenen Daten zu verlangen, die wir \u00fcber Sie verarbeiten, und in diesem Zusammenhang das Recht auf Auskunft \u00fcber:<\/p><ul><li>Der Zweck der Behandlung.<\/li><li>Die Kategorien personenbezogener Daten.<\/li><li>Empf\u00e4nger oder Kategorien von Empf\u00e4ngern, einschlie\u00dflich Empf\u00e4ngern in etwaigen Drittl\u00e4ndern und in diesem Zusammenhang die erforderlichen Garantien f\u00fcr die \u00dcbermittlung.<\/li><li>die Speicherdauer oder die Kriterien f\u00fcr deren Festlegung.<\/li><li>Das Recht auf Berichtigung, L\u00f6schung, Einschr\u00e4nkung und Widerspruch gegen die Verarbeitung Ihrer personenbezogenen Daten.<\/li><li>Das Recht, sich bei der d\u00e4nischen Datenschutzbeh\u00f6rde zu beschweren.<\/li><li>Woher Ihre personenbezogenen Daten stammen.<\/li><li>Das Vorhandensein automatischer Entscheidungen, einschlie\u00dflich Profiling und in diesem Zusammenhang Mindestinformationen \u00fcber die Logik hier und die Bedeutung und die erwarteten Folgen davon.<\/li><\/ul><p><strong>7.2 Das Recht auf Berichtigung<\/strong><br \/>Sie haben das Recht zu verlangen, dass falsche personenbezogene Daten \u00fcber Sie korrigiert werden, sowie das Recht, unvollst\u00e4ndige personenbezogene Daten zu vervollst\u00e4ndigen.<\/p><p><strong>7.3 Das Recht auf L\u00f6schung<\/strong><br \/>Sie m\u00fcssen verlangen, dass personenbezogene Daten \u00fcber Sie gel\u00f6scht werden, beispielsweise wenn die Verarbeitung auf Ihrer ausdr\u00fccklichen Einwilligung beruht und Sie die Einwilligung widerrufen.<\/p><p><strong>7.4 Das Recht auf Einschr\u00e4nkung<\/strong><br \/>Sie haben das Recht, eine Einschr\u00e4nkung der Verarbeitung Ihrer personenbezogenen Daten zu verlangen, beispielsweise im Zusammenhang mit der Richtigkeit der bestrittenen personenbezogenen Daten.<\/p><p><strong>7.5 Das Recht auf Daten\u00fcbertragbarkeit<\/strong><br \/>Wenn unsere Verarbeitung automatisiert erfolgt, haben Sie das Recht, die personenbezogenen Daten, die Sie uns bereitgestellt haben, in einem strukturierten, g\u00e4ngigen und maschinenlesbaren Format zu erhalten, sowie das Recht, die \u00dcbermittlung dieser personenbezogenen Daten zu verlangen zu einem anderen H\u00e4ndler.<\/p><p><strong>7.6 Das Widerspruchsrecht<\/strong><br \/>Sie haben das Recht, der Verarbeitung Ihrer personenbezogenen Daten bei uns zu widersprechen, insbesondere auch im Zusammenhang mit Direktmarketing.<\/p><p>Wenn Sie eine Einwilligung zur Verarbeitung Ihrer personenbezogenen Daten erteilt haben, haben Sie au\u00dferdem das Recht, Ihre Einwilligung jederzeit zu widerrufen. Bitte beachten Sie, dass ein Widerruf Ihrer Einwilligung die Verarbeitung Ihrer personenbezogenen Daten, die vor Ihrem Widerruf erfolgt ist, nicht ber\u00fchrt.<\/p><p><strong>8. Fragen und Beschwerden<\/strong><br \/>Wenn Sie Fragen zu dieser Datenschutzrichtlinie haben oder mit der Art und Weise, wie wir Ihre personenbezogenen Daten verarbeiten, nicht einverstanden sind, k\u00f6nnen Sie uns kontaktieren unter:<\/p><p>Dan Vals A\/S<br \/>Kabdrupvej 2<br \/>6100 Haderslev<br \/>Tel. 73 57 57 57<br \/>E-Mail: <a title=\"schreiben Sie an info@danvals.com\" href=\"mailto:info@danvals.com\">info@danvals.com<\/a><br \/>Website: <a title=\"Dan Vals A\/S\" href=\"https:\/\/danvals.com\/\">www.danvals.dk<\/a><br \/>CVR-Nr.: 33043090<\/p><p>Sie haben auch die M\u00f6glichkeit, sich bei der d\u00e4nischen Datenschutzbeh\u00f6rde zu beschweren, die die Beh\u00f6rde in D\u00e4nemark ist, die z. Verarbeitung personenbezogener Daten durch Unternehmen. Kontaktinformationen der d\u00e4nischen Datenschutzbeh\u00f6rde finden Sie auf ihrer Website: <a title=\"Die Dateninspektion\" href=\"https:\/\/www.datatilsynet.dk\/\">www.datatilsynet.dk<\/a> .<\/p><p><strong>9. \u00c4nderungen der Datenschutzrichtlinie<\/strong><br \/>Diese Datenschutzrichtlinie wird in regelm\u00e4\u00dfigen Abst\u00e4nden sowie bei Bedarf aufgrund von \u00c4nderungen der Gesetze und Praktiken im Bereich des Datenschutzes aktualisiert und angepasst. Wir empfehlen Ihnen daher, sich auf dem Laufenden zu halten.<\/p><p>Datum der letzten \u00c4nderung der Datenschutzerkl\u00e4rung: 25. Mai 2018<\/p>\t\t\t\t\t\t\t\t<\/div>\n\t\t\t\t<\/div>\n\t\t\t\t\t<\/div>\n\t\t<\/div>\n\t\t\t\t\t<\/div>\n\t\t<\/section>\n\t\t\t\t<\/div>\n\t\t","protected":false},"excerpt":{"rendered":"<p>PERS\u00d6NLICHE DATENPOLITIK Titelseite DAN VALS A \/ S &#8218;RICHTLINIEN ZUR VERARBEITUNG PERSONENBEZOGENER INFORMATIONEN 1. \u00dcber die DatenschutzrichtlinieDiese Datenschutzrichtlinie soll Sie als Kunden dar\u00fcber informieren, wie Dan Vals A \/ S Ihre pers\u00f6nlichen Daten verarbeitet und welche Rechte Sie in Bezug auf unsere Erhebung, Verarbeitung und Speicherung Ihrer pers\u00f6nlichen Daten haben. 2. Zweck der Verarbeitung Ihrer [&hellip;]<\/p>\n","protected":false},"author":2,"featured_media":0,"parent":465,"menu_order":0,"comment_status":"closed","ping_status":"closed","template":"elementor_header_footer","meta":{"site-sidebar-layout":"default","site-content-layout":"","ast-site-content-layout":"default","site-content-style":"default","site-sidebar-style":"default","ast-global-header-display":"","ast-banner-title-visibility":"","ast-main-header-display":"","ast-hfb-above-header-display":"","ast-hfb-below-header-display":"","ast-hfb-mobile-header-display":"","site-post-title":"","ast-breadcrumbs-content":"","ast-featured-img":"","footer-sml-layout":"","ast-disable-related-posts":"","theme-transparent-header-meta":"","adv-header-id-meta":"","stick-header-meta":"","header-above-stick-meta":"","header-main-stick-meta":"","header-below-stick-meta":"","astra-migrate-meta-layouts":"set","ast-page-background-enabled":"default","ast-page-background-meta":{"desktop":{"background-color":"var(--ast-global-color-4)","background-image":"","background-repeat":"repeat","background-position":"center center","background-size":"auto","background-attachment":"scroll","background-type":"","background-media":"","overlay-type":"","overlay-color":"","overlay-opacity":"","overlay-gradient":""},"tablet":{"background-color":"","background-image":"","background-repeat":"repeat","background-position":"center center","background-size":"auto","background-attachment":"scroll","background-type":"","background-media":"","overlay-type":"","overlay-color":"","overlay-opacity":"","overlay-gradient":""},"mobile":{"background-color":"","background-image":"","background-repeat":"repeat","background-position":"center center","background-size":"auto","background-attachment":"scroll","background-type":"","background-media":"","overlay-type":"","overlay-color":"","overlay-opacity":"","overlay-gradient":""}},"ast-content-background-meta":{"desktop":{"background-color":"var(--ast-global-color-5)","background-image":"","background-repeat":"repeat","background-position":"center center","background-size":"auto","background-attachment":"scroll","background-type":"","background-media":"","overlay-type":"","overlay-color":"","overlay-opacity":"","overlay-gradient":""},"tablet":{"background-color":"var(--ast-global-color-5)","background-image":"","background-repeat":"repeat","background-position":"center center","background-size":"auto","background-attachment":"scroll","background-type":"","background-media":"","overlay-type":"","overlay-color":"","overlay-opacity":"","overlay-gradient":""},"mobile":{"background-color":"var(--ast-global-color-5)","background-image":"","background-repeat":"repeat","background-position":"center center","background-size":"auto","background-attachment":"scroll","background-type":"","background-media":"","overlay-type":"","overlay-color":"","overlay-opacity":"","overlay-gradient":""}},"footnotes":""},"class_list":["post-8180","page","type-page","status-publish","hentry"],"yoast_head":"<!-- This site is optimized with the Yoast SEO plugin v27.5 - https:\/\/yoast.com\/product\/yoast-seo-wordpress\/ -->\n<title>Datenschutzrichtlinie - Dan Vals Profilbiegen<\/title>\n<meta name=\"description\" content=\"Diese Datenschutzrichtlinie informiert Sie dar\u00fcber, wie Dan Vals Ihre pers\u00f6nlichen Daten verarbeitet und welche Rechte Sie haben.\" \/>\n<meta name=\"robots\" content=\"index, follow, max-snippet:-1, max-image-preview:large, max-video-preview:-1\" \/>\n<link rel=\"canonical\" href=\"https:\/\/danvals.com\/de\/wir-uber-uns\/datenschutzrichtlinie\/\" \/>\n<meta property=\"og:locale\" content=\"de_DE\" \/>\n<meta property=\"og:type\" content=\"article\" \/>\n<meta property=\"og:title\" content=\"Datenschutzrichtlinie - Dan Vals Profilbiegen\" \/>\n<meta property=\"og:description\" content=\"Diese Datenschutzrichtlinie informiert Sie dar\u00fcber, wie Dan Vals Ihre pers\u00f6nlichen Daten verarbeitet und welche Rechte Sie haben.\" \/>\n<meta property=\"og:url\" content=\"https:\/\/danvals.com\/de\/wir-uber-uns\/datenschutzrichtlinie\/\" \/>\n<meta property=\"og:site_name\" content=\"Dan Vals Profilbiegen\" \/>\n<meta property=\"article:modified_time\" content=\"2024-01-09T09:44:40+00:00\" \/>\n<meta name=\"twitter:card\" content=\"summary_large_image\" \/>\n<meta name=\"twitter:label1\" content=\"Gesch\u00e4tzte Lesezeit\" \/>\n\t<meta name=\"twitter:data1\" content=\"6\u00a0Minuten\" \/>\n<script type=\"application\/ld+json\" class=\"yoast-schema-graph\">{\"@context\":\"https:\\\/\\\/schema.org\",\"@graph\":[{\"@type\":\"WebPage\",\"@id\":\"https:\\\/\\\/danvals.com\\\/de\\\/wir-uber-uns\\\/datenschutzrichtlinie\\\/\",\"url\":\"https:\\\/\\\/danvals.com\\\/de\\\/wir-uber-uns\\\/datenschutzrichtlinie\\\/\",\"name\":\"Datenschutzrichtlinie - Dan Vals Profilbiegen\",\"isPartOf\":{\"@id\":\"https:\\\/\\\/danvals.com\\\/#website\"},\"datePublished\":\"2022-02-04T10:31:50+00:00\",\"dateModified\":\"2024-01-09T09:44:40+00:00\",\"description\":\"Diese Datenschutzrichtlinie informiert Sie dar\u00fcber, wie Dan Vals Ihre pers\u00f6nlichen Daten verarbeitet und welche Rechte Sie haben.\",\"breadcrumb\":{\"@id\":\"https:\\\/\\\/danvals.com\\\/de\\\/wir-uber-uns\\\/datenschutzrichtlinie\\\/#breadcrumb\"},\"inLanguage\":\"de\",\"potentialAction\":[{\"@type\":\"ReadAction\",\"target\":[\"https:\\\/\\\/danvals.com\\\/de\\\/wir-uber-uns\\\/datenschutzrichtlinie\\\/\"]}]},{\"@type\":\"BreadcrumbList\",\"@id\":\"https:\\\/\\\/danvals.com\\\/de\\\/wir-uber-uns\\\/datenschutzrichtlinie\\\/#breadcrumb\",\"itemListElement\":[{\"@type\":\"ListItem\",\"position\":1,\"name\":\"Hjem\",\"item\":\"https:\\\/\\\/danvals.com\\\/de\\\/forside\\\/\"},{\"@type\":\"ListItem\",\"position\":2,\"name\":\"WIR\",\"item\":\"https:\\\/\\\/danvals.com\\\/de\\\/wir-uber-uns\\\/\"},{\"@type\":\"ListItem\",\"position\":3,\"name\":\"Datenschutzrichtlinie\"}]},{\"@type\":\"WebSite\",\"@id\":\"https:\\\/\\\/danvals.com\\\/#website\",\"url\":\"https:\\\/\\\/danvals.com\\\/\",\"name\":\"Dan Vals Profilbiegen\",\"description\":\"Profile rolling and bending\",\"publisher\":{\"@id\":\"https:\\\/\\\/danvals.com\\\/#organization\"},\"potentialAction\":[{\"@type\":\"SearchAction\",\"target\":{\"@type\":\"EntryPoint\",\"urlTemplate\":\"https:\\\/\\\/danvals.com\\\/?s={search_term_string}\"},\"query-input\":{\"@type\":\"PropertyValueSpecification\",\"valueRequired\":true,\"valueName\":\"search_term_string\"}}],\"inLanguage\":\"de\"},{\"@type\":\"Organization\",\"@id\":\"https:\\\/\\\/danvals.com\\\/#organization\",\"name\":\"Dan Vals\",\"url\":\"https:\\\/\\\/danvals.com\\\/\",\"logo\":{\"@type\":\"ImageObject\",\"inLanguage\":\"de\",\"@id\":\"https:\\\/\\\/danvals.com\\\/#\\\/schema\\\/logo\\\/image\\\/\",\"url\":\"https:\\\/\\\/danvals.com\\\/wp-content\\\/uploads\\\/profilvalsning_logo_01.png\",\"contentUrl\":\"https:\\\/\\\/danvals.com\\\/wp-content\\\/uploads\\\/profilvalsning_logo_01.png\",\"width\":140,\"height\":140,\"caption\":\"Dan Vals\"},\"image\":{\"@id\":\"https:\\\/\\\/danvals.com\\\/#\\\/schema\\\/logo\\\/image\\\/\"}}]}<\/script>\n<!-- \/ Yoast SEO plugin. -->","yoast_head_json":{"title":"Datenschutzrichtlinie - Dan Vals Profilbiegen","description":"Diese Datenschutzrichtlinie informiert Sie dar\u00fcber, wie Dan Vals Ihre pers\u00f6nlichen Daten verarbeitet und welche Rechte Sie haben.","robots":{"index":"index","follow":"follow","max-snippet":"max-snippet:-1","max-image-preview":"max-image-preview:large","max-video-preview":"max-video-preview:-1"},"canonical":"https:\/\/danvals.com\/de\/wir-uber-uns\/datenschutzrichtlinie\/","og_locale":"de_DE","og_type":"article","og_title":"Datenschutzrichtlinie - Dan Vals Profilbiegen","og_description":"Diese Datenschutzrichtlinie informiert Sie dar\u00fcber, wie Dan Vals Ihre pers\u00f6nlichen Daten verarbeitet und welche Rechte Sie haben.","og_url":"https:\/\/danvals.com\/de\/wir-uber-uns\/datenschutzrichtlinie\/","og_site_name":"Dan Vals Profilbiegen","article_modified_time":"2024-01-09T09:44:40+00:00","twitter_card":"summary_large_image","twitter_misc":{"Gesch\u00e4tzte Lesezeit":"6\u00a0Minuten"},"schema":{"@context":"https:\/\/schema.org","@graph":[{"@type":"WebPage","@id":"https:\/\/danvals.com\/de\/wir-uber-uns\/datenschutzrichtlinie\/","url":"https:\/\/danvals.com\/de\/wir-uber-uns\/datenschutzrichtlinie\/","name":"Datenschutzrichtlinie - Dan Vals Profilbiegen","isPartOf":{"@id":"https:\/\/danvals.com\/#website"},"datePublished":"2022-02-04T10:31:50+00:00","dateModified":"2024-01-09T09:44:40+00:00","description":"Diese Datenschutzrichtlinie informiert Sie dar\u00fcber, wie Dan Vals Ihre pers\u00f6nlichen Daten verarbeitet und welche Rechte Sie haben.","breadcrumb":{"@id":"https:\/\/danvals.com\/de\/wir-uber-uns\/datenschutzrichtlinie\/#breadcrumb"},"inLanguage":"de","potentialAction":[{"@type":"ReadAction","target":["https:\/\/danvals.com\/de\/wir-uber-uns\/datenschutzrichtlinie\/"]}]},{"@type":"BreadcrumbList","@id":"https:\/\/danvals.com\/de\/wir-uber-uns\/datenschutzrichtlinie\/#breadcrumb","itemListElement":[{"@type":"ListItem","position":1,"name":"Hjem","item":"https:\/\/danvals.com\/de\/forside\/"},{"@type":"ListItem","position":2,"name":"WIR","item":"https:\/\/danvals.com\/de\/wir-uber-uns\/"},{"@type":"ListItem","position":3,"name":"Datenschutzrichtlinie"}]},{"@type":"WebSite","@id":"https:\/\/danvals.com\/#website","url":"https:\/\/danvals.com\/","name":"Dan Vals Profilbiegen","description":"Profile rolling and bending","publisher":{"@id":"https:\/\/danvals.com\/#organization"},"potentialAction":[{"@type":"SearchAction","target":{"@type":"EntryPoint","urlTemplate":"https:\/\/danvals.com\/?s={search_term_string}"},"query-input":{"@type":"PropertyValueSpecification","valueRequired":true,"valueName":"search_term_string"}}],"inLanguage":"de"},{"@type":"Organization","@id":"https:\/\/danvals.com\/#organization","name":"Dan Vals","url":"https:\/\/danvals.com\/","logo":{"@type":"ImageObject","inLanguage":"de","@id":"https:\/\/danvals.com\/#\/schema\/logo\/image\/","url":"https:\/\/danvals.com\/wp-content\/uploads\/profilvalsning_logo_01.png","contentUrl":"https:\/\/danvals.com\/wp-content\/uploads\/profilvalsning_logo_01.png","width":140,"height":140,"caption":"Dan Vals"},"image":{"@id":"https:\/\/danvals.com\/#\/schema\/logo\/image\/"}}]}},"_links":{"self":[{"href":"https:\/\/danvals.com\/de\/wp-json\/wp\/v2\/pages\/8180","targetHints":{"allow":["GET"]}}],"collection":[{"href":"https:\/\/danvals.com\/de\/wp-json\/wp\/v2\/pages"}],"about":[{"href":"https:\/\/danvals.com\/de\/wp-json\/wp\/v2\/types\/page"}],"author":[{"embeddable":true,"href":"https:\/\/danvals.com\/de\/wp-json\/wp\/v2\/users\/2"}],"replies":[{"embeddable":true,"href":"https:\/\/danvals.com\/de\/wp-json\/wp\/v2\/comments?post=8180"}],"version-history":[{"count":8,"href":"https:\/\/danvals.com\/de\/wp-json\/wp\/v2\/pages\/8180\/revisions"}],"predecessor-version":[{"id":11693,"href":"https:\/\/danvals.com\/de\/wp-json\/wp\/v2\/pages\/8180\/revisions\/11693"}],"up":[{"embeddable":true,"href":"https:\/\/danvals.com\/de\/wp-json\/wp\/v2\/pages\/465"}],"wp:attachment":[{"href":"https:\/\/danvals.com\/de\/wp-json\/wp\/v2\/media?parent=8180"}],"curies":[{"name":"wp","href":"https:\/\/api.w.org\/{rel}","templated":true}]}}