{"id":13161,"date":"2024-08-26T11:09:04","date_gmt":"2024-08-26T09:09:04","guid":{"rendered":"https:\/\/danvals.com\/tietoa-meista-dan-vals\/tietosuojaseloste\/"},"modified":"2024-08-26T11:09:05","modified_gmt":"2024-08-26T09:09:05","slug":"tietosuojaseloste","status":"publish","type":"page","link":"https:\/\/danvals.com\/fi\/tietoa-meista-dan-vals\/tietosuojaseloste\/","title":{"rendered":"TIETOSUOJASELOSTE"},"content":{"rendered":"\t\t<div data-elementor-type=\"wp-page\" data-elementor-id=\"13161\" class=\"elementor elementor-13161 elementor-8174\" data-elementor-post-type=\"page\">\n\t\t\t\t\t\t<section class=\"elementor-section elementor-top-section elementor-element elementor-element-3b906bd elementor-section-height-min-height elementor-section-boxed elementor-section-height-default elementor-section-items-middle\" data-id=\"3b906bd\" data-element_type=\"section\" data-e-type=\"section\" data-settings=\"{&quot;background_background&quot;:&quot;classic&quot;,&quot;jet_parallax_layout_list&quot;:[]}\">\n\t\t\t\t\t\t<div class=\"elementor-container elementor-column-gap-default\">\n\t\t\t\t\t<div class=\"elementor-column elementor-col-100 elementor-top-column elementor-element elementor-element-d771210\" data-id=\"d771210\" data-element_type=\"column\" data-e-type=\"column\">\n\t\t\t<div class=\"elementor-widget-wrap elementor-element-populated\">\n\t\t\t\t\t\t<div class=\"elementor-element elementor-element-66ed451 elementor-widget elementor-widget-heading\" data-id=\"66ed451\" data-element_type=\"widget\" data-e-type=\"widget\" data-widget_type=\"heading.default\">\n\t\t\t\t<div class=\"elementor-widget-container\">\n\t\t\t\t\t<h1 class=\"elementor-heading-title elementor-size-default\">TIETOSUOJASELOSTE <\/h1>\t\t\t\t<\/div>\n\t\t\t\t<\/div>\n\t\t\t\t<div class=\"elementor-element elementor-element-0c77895 jet-breadcrumbs-align-center elementor-widget elementor-widget-jet-breadcrumbs\" data-id=\"0c77895\" data-element_type=\"widget\" data-e-type=\"widget\" data-widget_type=\"jet-breadcrumbs.default\">\n\t\t\t\t<div class=\"elementor-widget-container\">\n\t\t\t\t\t<div class=\"elementor-jet-breadcrumbs jet-blocks\">\n\t\t<div class=\"jet-breadcrumbs\">\n\t\t<div class=\"jet-breadcrumbs__content\">\n\t\t<div class=\"jet-breadcrumbs__wrap\"><div class=\"jet-breadcrumbs__item\"><a href=\"https:\/\/danvals.com\/fi\/\" class=\"jet-breadcrumbs__item-link is-home\" rel=\"home\" title=\"etusivu\">etusivu<\/a><\/div>\n\t\t<\/div>\n\t\t<\/div>\n\t\t<\/div><\/div>\t\t\t\t<\/div>\n\t\t\t\t<\/div>\n\t\t\t\t\t<\/div>\n\t\t<\/div>\n\t\t\t\t\t<\/div>\n\t\t<\/section>\n\t\t\t\t<section class=\"elementor-section elementor-top-section elementor-element elementor-element-edaa5aa elementor-section-boxed elementor-section-height-default elementor-section-height-default\" data-id=\"edaa5aa\" data-element_type=\"section\" data-e-type=\"section\" data-settings=\"{&quot;jet_parallax_layout_list&quot;:[]}\">\n\t\t\t\t\t\t<div class=\"elementor-container elementor-column-gap-default\">\n\t\t\t\t\t<div class=\"elementor-column elementor-col-100 elementor-top-column elementor-element elementor-element-c9ae3e6\" data-id=\"c9ae3e6\" data-element_type=\"column\" data-e-type=\"column\">\n\t\t\t<div class=\"elementor-widget-wrap elementor-element-populated\">\n\t\t\t\t\t\t<div class=\"elementor-element elementor-element-8dc4d13 elementor-widget elementor-widget-heading\" data-id=\"8dc4d13\" data-element_type=\"widget\" data-e-type=\"widget\" data-widget_type=\"heading.default\">\n\t\t\t\t<div class=\"elementor-widget-container\">\n\t\t\t\t\t<h2 class=\"elementor-heading-title elementor-size-default\">DAN VALS A\/S henkil\u00f6tietojen k\u00e4sittely ja tietosuojaseloste<\/h2>\t\t\t\t<\/div>\n\t\t\t\t<\/div>\n\t\t\t\t<div class=\"elementor-element elementor-element-a2ac55c elementor-widget elementor-widget-text-editor\" data-id=\"a2ac55c\" data-element_type=\"widget\" data-e-type=\"widget\" data-widget_type=\"text-editor.default\">\n\t\t\t\t<div class=\"elementor-widget-container\">\n\t\t\t\t\t\t\t\t\t<p><strong>1. Tietoa tietosuojaselosteesta<\/strong><br>T\u00e4m\u00e4 tietosuojak\u00e4yt\u00e4nt\u00f6 on luotu kertomaan sinulle asiakkaamme, miten Dan Vals A\/S k\u00e4sittelee henkil\u00f6tietojasi sek\u00e4 mitk\u00e4 ovat oikeutesi henkil\u00f6tietojesi ker\u00e4\u00e4miseen, k\u00e4sittelyyn ja s\u00e4ilytt\u00e4miseen liittyen.<\/p>\n<p><strong>2. Henkil\u00f6tietojen k\u00e4sittelyn tausta ja tarkoitus<\/strong><br>Henkil\u00f6tietojesi k\u00e4sittelyn yleinen tarkoitus on hallinnoida ja mahdollistaa ostot kanssamme. Lis\u00e4ksi pyrimme parantamaan ja kehitt\u00e4m\u00e4\u00e4n tuotteitamme sek\u00e4 tarjoamaan sinulle paremman asiakaskokemuksen. Henkil\u00f6tietosi ovat siis v\u00e4ltt\u00e4m\u00e4tt\u00f6mi\u00e4 tiettyjen liiketoimien suorittamiseksi, ja niiden avulla voimme my\u00f6s kehitt\u00e4\u00e4 ja optimoida tuotteitamme.  <\/p>\n<p><strong>3. Erilaiset henkil\u00f6tiedot<\/strong><br>Kun teet ostoksen yrityksess\u00e4mme asiakkaana, rekister\u00f6imme sinusta tarvittavat henkil\u00f6tiedot asiakassuhteesi hoitamiseksi.<\/p>\n<p>Ker\u00e4\u00e4mme henkil\u00f6tietojasi seuraavilla tavoilla ja seuraavista l\u00e4hteist\u00e4:<\/p>\n<ul>\n<li>Annat meille henkil\u00f6tietosi ostaessasi tuotteitamme esimerkiksi s\u00e4hk\u00f6postitse, puhelimitse tai muilla viestint\u00e4keinoilla. <\/li>\n<li>K\u00e4yt\u00e4t sosiaalista mediaa, kuten Facebookia ja LinkedIni\u00e4, joissa voit seurata ja mahdollisesti kommentoida julkaisujamme tai k\u00e4ytt\u00e4\u00e4 toimintoja, kuten Tykk\u00e4\u00e4, Jaa tai Kommentoi kanssamme.<\/li>\n<li>K\u00e4sittelem\u00e4mme henkil\u00f6tiedot ovat erityisesti: <ul>\n<li>Tunnistetiedot, kuten nimi, osoite, puhelinnumero ja s\u00e4hk\u00f6postiosoite.<\/li>\n<li>Liiketoimeen liittyv\u00e4t tiedot, kuten ostetun tuotteen tyyppi, maksutapa, hinta ja ostohistoria.<\/li>\n<\/ul>\n<\/li>\n<\/ul>\n<p>4. Henkil\u00f6tietojen k\u00e4sittelyn laillinen peruste<br><strong>Tietosuoja on olennainen osa toimintaamme, ja olemme vastuussa henkil\u00f6tietojesi suojelusta asioidessasi kanssamme. Henkil\u00f6tietojesi k\u00e4sittely tapahtuu aina kansallisten ja kansainv\u00e4listen lakien ja s\u00e4\u00e4nn\u00f6sten mukaisesti.<\/strong> <\/p>\n<p>Henkil\u00f6tietojesi k\u00e4sittely tapahtuu, kun v\u00e4hint\u00e4\u00e4n yksi seuraavista ehdoista t\u00e4yttyy:<\/p>\n<ul>\n<li>K\u00e4sittely on v\u00e4ltt\u00e4m\u00e4t\u00f6nt\u00e4 osto- ja myyntisopimuksen t\u00e4ytt\u00e4miseksi, johon olet osapuolena ja joka liittyy tuotteidemme ostoon.<\/li>\n<li>Olet antanut vapaaehtoisen, erityisen, tietoon perustuvan ja yksiselitteisen suostumuksen, esimerkiksi suostumalla uutiskirjeiden vastaanottamiseen.<\/li>\n<li>K\u00e4sittely on v\u00e4ltt\u00e4m\u00e4t\u00f6nt\u00e4 oikeudellisen velvoitteen noudattamiseksi yrityksess\u00e4mme, esimerkiksi kirjanpitomateriaalin s\u00e4ilytt\u00e4minen tietyn ajan.<\/li>\n<li>K\u00e4sittely on v\u00e4ltt\u00e4m\u00e4t\u00f6nt\u00e4 oikeudellisen vaateen perustamiseksi, esitt\u00e4miseksi tai puolustamiseksi, esimerkiksi tuotetta koskevassa kiistassa.<\/li>\n<li>K\u00e4sittely on v\u00e4ltt\u00e4m\u00e4t\u00f6nt\u00e4 meid\u00e4n oikeutetun etumme vuoksi, joka ylitt\u00e4\u00e4 sinun etusi. Oikeutettu etumme voi olla esimerkiksi tarjousten ja mainosten kohdentaminen sinulle asiakaskokemuksen parantamiseksi. <\/li>\n<\/ul>\n<p><strong>Henkil\u00f6tietojesi vastaanottajat<\/strong><br>Jaamme henkil\u00f6tietojasi vain sellaisten vastaanottajien kanssa, jotka ovat tarpeen asiakassuhteesi kannalta. Jaamme henkil\u00f6tietoja seuraavien tahojen kanssa: <\/p>\n<ul>\n<li>Pankit ja rahoituslaitokset oston yhteydess\u00e4.<\/li>\n<li>Kumppanimme ja hyv\u00e4ksym\u00e4mme toimittajat, jotka avustavat meit\u00e4 yrityksemme toiminnassa.<\/li>\n<\/ul>\n<p>Henkil\u00f6tietojasi ei siirret\u00e4 kolmansiin maihin eli EU-\/ETA-alueen ulkopuolelle. <\/p>\n<p><strong>6. Henkil\u00f6tietojen s\u00e4ilytys ja poistaminen<\/strong><br>S\u00e4ilyt\u00e4mme henkil\u00f6tietojasi vain niin kauan kuin se on tarpeen siin\u00e4 tarkoituksessa, jota varten tiedot on ker\u00e4tty. Henkil\u00f6tietosi poistetaan seuraavien menettelyjen mukaisesti: <\/p>\n<ul>\n<li>Ostojesi yhteydess\u00e4 syntynyt kirjanpitomateriaali s\u00e4ilytet\u00e4\u00e4n 5 vuotta sen tilikauden p\u00e4\u00e4ttymisest\u00e4, johon materiaali liittyy.<\/li>\n<\/ul>\n<p><strong>7. Sinun oikeutesi<\/strong><br>Olemme ryhtyneet useisiin toimenpiteisiin henkil\u00f6tietojesi suojaamiseksi ja oikeuksiesi turvaamiseksi. Koska henkil\u00f6tietojasi k\u00e4sitell\u00e4\u00e4n, voit k\u00e4ytt\u00e4\u00e4 alla lueteltuja oikeuksia. On kuitenkin huomattava, ett\u00e4 jotkin oikeudet eiv\u00e4t ole absoluuttisia, vaan ne koskevat vain tiettyj\u00e4 tilanteita.  <\/p>\n<p><strong>7.1 Oikeus p\u00e4\u00e4st\u00e4 k\u00e4siksi tietoihin<\/strong><br>Sinulla on oikeus pyyt\u00e4\u00e4 p\u00e4\u00e4sy\u00e4 henkil\u00f6tietoihin, joita k\u00e4sittelemme sinusta, ja saada tietoa:<\/p>\n<ul>\n<li>K\u00e4sittelyn tarkoituksesta.<\/li>\n<li>Henkil\u00f6tietojen kategorioista.<\/li>\n<li>Vastaanottajista tai vastaanottajaryhmist\u00e4, mukaan lukien vastaanottajista kolmansissa maissa, sek\u00e4 siirron turvaamiseksi tarvittavista takeista.<\/li>\n<li>S\u00e4ilytysajasta tai kriteereist\u00e4 sen m\u00e4\u00e4ritt\u00e4miseksi.<\/li>\n<li>Oikeudesta oikaista, poistaa, rajoittaa ja vastustaa henkil\u00f6tietojesi k\u00e4sittely\u00e4.<\/li>\n<li>Oikeudesta tehd\u00e4 valitus tietosuojaviranomaiselle.<\/li>\n<li>Siit\u00e4, mist\u00e4 henkil\u00f6tietosi ovat per\u00e4isin.<\/li>\n<li>Automatisoitujen p\u00e4\u00e4t\u00f6sten, mukaan lukien profiloinnin, olemassaolosta sek\u00e4 v\u00e4hint\u00e4\u00e4n tiedot logiikasta ja merkityksest\u00e4 ja odotetuista vaikutuksista.<\/li>\n<\/ul>\n<p><strong>7.2 Oikeus tietojen oikaisemiseen<\/strong><br>Sinulla on oikeus pyyt\u00e4\u00e4 virheellisten henkil\u00f6tietojen korjaamista ja keskener\u00e4isten henkil\u00f6tietojen t\u00e4ydent\u00e4mist\u00e4.<\/p>\n<p><strong>7.3 Oikeus poistaa tiedot.<\/strong> <br>Sinulla on oikeus pyyt\u00e4\u00e4 henkil\u00f6tietojesi poistamista, esimerkiksi jos k\u00e4sittely perustuu suostumukseesi ja peruutat suostumuksesi.<\/p>\n<p><strong>7.4 Oikeus tietojen k\u00e4sittelyn rajoittamiseen<\/strong><br>Sinulla on oikeus pyyt\u00e4\u00e4 henkil\u00f6tietojesi k\u00e4sittelyn rajoittamista, esimerkiksi jos henkil\u00f6tietojen paikkansapit\u00e4vyys kiistet\u00e4\u00e4n.<\/p>\n<p><strong>7.5 Oikeus siirt\u00e4\u00e4 tiedot<\/strong><br>Kun k\u00e4sittely tapahtuu automaattisesti, sinulla on oikeus pyyt\u00e4\u00e4, ett\u00e4 henkil\u00f6tiedot, jotka olet antanut meille, toimitetaan j\u00e4sennellyss\u00e4, yleisesti k\u00e4ytetyss\u00e4 ja koneellisesti luettavassa muodossa, ja oikeus pyyt\u00e4\u00e4, ett\u00e4 n\u00e4m\u00e4 henkil\u00f6tiedot siirret\u00e4\u00e4n toiselle rekisterinpit\u00e4j\u00e4lle.<\/p>\n<p><strong>7.6 Oikeus vastustaa<\/strong><br>Sinulla on oikeus vastustaa henkil\u00f6tietojesi k\u00e4sittely\u00e4, mukaan lukien erityisesti suoramarkkinointia.<\/p>\n<p>Jos olet antanut suostumuksesi henkil\u00f6tietojesi k\u00e4sittelyyn, sinulla on my\u00f6s oikeus peruuttaa suostumuksesi milloin tahansa. Huomaa, ett\u00e4 suostumuksen peruuttaminen ei vaikuta henkil\u00f6tietojesi k\u00e4sittelyyn, joka tapahtui ennen suostumuksen peruuttamista. <\/p>\n<p><strong>8. Kysymykset ja valitukset<\/strong><br>Jos sinulla on kysytt\u00e4v\u00e4\u00e4 t\u00e4st\u00e4 tietosuojak\u00e4yt\u00e4nn\u00f6st\u00e4 tai olet eri mielt\u00e4 siit\u00e4, kuinka k\u00e4sittelemme henkil\u00f6tietojasi, voit ottaa meihin yhteytt\u00e4:<\/p>\n<p>Dan Vals A\/S<br>Kabdrupvej 2<br>6100 Haderslev<br>Puh. 73 57 57 57<br>S\u00e4hk\u00f6posti: <a title=\"kirjoittaa osoitteeseen info@danvals.com\" href=\"mailto:info@danvals.com\">info@danvals.com<\/a><br>Verkkosivusto: <a title=\"DAN VALS\" href=\"https:\/\/danvals.com\/fi\/\">www.danvals.dk<\/a><br>Y-tunnus: 33043090 <\/p>\n<p>Sinulla on my\u00f6s mahdollisuus tehd\u00e4 valitus Tanskan tietosuojavirastolle, joka on viranomainen, joka valvoo esimerkiksi yritysten henkil\u00f6tietojen k\u00e4sittely\u00e4 Tanskassa. Yhteystiedot Tanskan tietosuojavirastoon l\u00f6ytyv\u00e4t heid\u00e4n verkkosivuiltaan: <a title=\"Tietotarkastusvirasto\" href=\"https:\/\/www.datatilsynet.dk\/\">www.datatilsynet.dk<\/a>. <\/p>\n<p><strong>9. Muutokset tietosuojaselosteessa<\/strong><br>T\u00e4t\u00e4 tietosuojak\u00e4yt\u00e4nt\u00f6\u00e4 p\u00e4ivitet\u00e4\u00e4n ja muutetaan s\u00e4\u00e4nn\u00f6llisesti sek\u00e4 aina, kun se on tarpeen tietosuojalains\u00e4\u00e4d\u00e4nn\u00f6n ja -k\u00e4yt\u00e4nt\u00f6jen muutosten vuoksi. Suosittelemme siksi, ett\u00e4 tutustut selosteeseen s\u00e4\u00e4nn\u00f6llisesti <\/p>\n<p>Viimeisin muutos on tehty: 25 toukokuuta 2018<\/p>\n\t\t\t\t\t\t\t\t<\/div>\n\t\t\t\t<\/div>\n\t\t\t\t\t<\/div>\n\t\t<\/div>\n\t\t\t\t\t<\/div>\n\t\t<\/section>\n\t\t\t\t<\/div>\n\t\t","protected":false},"excerpt":{"rendered":"<p>TIETOSUOJASELOSTE front page DAN VALS A\/S henkil\u00f6tietojen k\u00e4sittely ja tietosuojaseloste 1. Tietoa tietosuojaselosteestaT\u00e4m\u00e4 tietosuojak\u00e4yt\u00e4nt\u00f6 on luotu kertomaan sinulle asiakkaamme, miten Dan Vals A\/S k\u00e4sittelee henkil\u00f6tietojasi sek\u00e4 mitk\u00e4 ovat oikeutesi henkil\u00f6tietojesi ker\u00e4\u00e4miseen, k\u00e4sittelyyn ja s\u00e4ilytt\u00e4miseen liittyen. 2. Henkil\u00f6tietojen k\u00e4sittelyn tausta ja tarkoitusHenkil\u00f6tietojesi k\u00e4sittelyn yleinen tarkoitus on hallinnoida ja mahdollistaa ostot kanssamme. Lis\u00e4ksi pyrimme parantamaan ja kehitt\u00e4m\u00e4\u00e4n [&hellip;]<\/p>\n","protected":false},"author":2,"featured_media":0,"parent":13136,"menu_order":0,"comment_status":"closed","ping_status":"closed","template":"elementor_header_footer","meta":{"site-sidebar-layout":"default","site-content-layout":"","ast-site-content-layout":"default","site-content-style":"default","site-sidebar-style":"default","ast-global-header-display":"","ast-banner-title-visibility":"","ast-main-header-display":"","ast-hfb-above-header-display":"","ast-hfb-below-header-display":"","ast-hfb-mobile-header-display":"","site-post-title":"","ast-breadcrumbs-content":"","ast-featured-img":"","footer-sml-layout":"","ast-disable-related-posts":"","theme-transparent-header-meta":"","adv-header-id-meta":"","stick-header-meta":"","header-above-stick-meta":"","header-main-stick-meta":"","header-below-stick-meta":"","astra-migrate-meta-layouts":"default","ast-page-background-enabled":"default","ast-page-background-meta":{"desktop":{"background-color":"var(--ast-global-color-4)","background-image":"","background-repeat":"repeat","background-position":"center center","background-size":"auto","background-attachment":"scroll","background-type":"","background-media":"","overlay-type":"","overlay-color":"","overlay-opacity":"","overlay-gradient":""},"tablet":{"background-color":"","background-image":"","background-repeat":"repeat","background-position":"center center","background-size":"auto","background-attachment":"scroll","background-type":"","background-media":"","overlay-type":"","overlay-color":"","overlay-opacity":"","overlay-gradient":""},"mobile":{"background-color":"","background-image":"","background-repeat":"repeat","background-position":"center center","background-size":"auto","background-attachment":"scroll","background-type":"","background-media":"","overlay-type":"","overlay-color":"","overlay-opacity":"","overlay-gradient":""}},"ast-content-background-meta":{"desktop":{"background-color":"var(--ast-global-color-5)","background-image":"","background-repeat":"repeat","background-position":"center center","background-size":"auto","background-attachment":"scroll","background-type":"","background-media":"","overlay-type":"","overlay-color":"","overlay-opacity":"","overlay-gradient":""},"tablet":{"background-color":"var(--ast-global-color-5)","background-image":"","background-repeat":"repeat","background-position":"center center","background-size":"auto","background-attachment":"scroll","background-type":"","background-media":"","overlay-type":"","overlay-color":"","overlay-opacity":"","overlay-gradient":""},"mobile":{"background-color":"var(--ast-global-color-5)","background-image":"","background-repeat":"repeat","background-position":"center center","background-size":"auto","background-attachment":"scroll","background-type":"","background-media":"","overlay-type":"","overlay-color":"","overlay-opacity":"","overlay-gradient":""}},"footnotes":""},"class_list":["post-13161","page","type-page","status-publish","hentry"],"yoast_head":"<!-- This site is optimized with the Yoast SEO plugin v27.5 - https:\/\/yoast.com\/product\/yoast-seo-wordpress\/ -->\n<title>| Dan Vals<\/title>\n<meta name=\"description\" content=\"T\u00e4ss\u00e4 tietosuojak\u00e4yt\u00e4nn\u00f6ss\u00e4 kerrotaan, miten Dan Vals A\/S k\u00e4sittelee henkil\u00f6tietojasi ja mit\u00e4 oikeuksia sinulla on niihin liittyen.\" \/>\n<meta name=\"robots\" content=\"index, follow, max-snippet:-1, max-image-preview:large, max-video-preview:-1\" \/>\n<link rel=\"canonical\" href=\"https:\/\/danvals.com\/fi\/tietoa-meista-dan-vals\/tietosuojaseloste\/\" \/>\n<meta property=\"og:locale\" content=\"fi_FI\" \/>\n<meta property=\"og:type\" content=\"article\" \/>\n<meta property=\"og:title\" content=\"| Dan Vals\" \/>\n<meta property=\"og:description\" content=\"T\u00e4ss\u00e4 tietosuojak\u00e4yt\u00e4nn\u00f6ss\u00e4 kerrotaan, miten Dan Vals A\/S k\u00e4sittelee henkil\u00f6tietojasi ja mit\u00e4 oikeuksia sinulla on niihin liittyen.\" \/>\n<meta property=\"og:url\" content=\"https:\/\/danvals.com\/fi\/tietoa-meista-dan-vals\/tietosuojaseloste\/\" \/>\n<meta property=\"og:site_name\" content=\"Dan Vals A\/S\" \/>\n<meta property=\"article:modified_time\" content=\"2024-08-26T09:09:05+00:00\" \/>\n<meta name=\"twitter:card\" content=\"summary_large_image\" \/>\n<meta name=\"twitter:label1\" content=\"Arvioitu lukuaika\" \/>\n\t<meta name=\"twitter:data1\" content=\"4 minutes\" \/>\n<script type=\"application\/ld+json\" class=\"yoast-schema-graph\">{\"@context\":\"https:\\\/\\\/schema.org\",\"@graph\":[{\"@type\":\"WebPage\",\"@id\":\"https:\\\/\\\/danvals.com\\\/fi\\\/tietoa-meista-dan-vals\\\/tietosuojaseloste\\\/\",\"url\":\"https:\\\/\\\/danvals.com\\\/fi\\\/tietoa-meista-dan-vals\\\/tietosuojaseloste\\\/\",\"name\":\"| Dan Vals\",\"isPartOf\":{\"@id\":\"https:\\\/\\\/danvals.com\\\/#website\"},\"datePublished\":\"2024-08-26T09:09:04+00:00\",\"dateModified\":\"2024-08-26T09:09:05+00:00\",\"description\":\"T\u00e4ss\u00e4 tietosuojak\u00e4yt\u00e4nn\u00f6ss\u00e4 kerrotaan, miten Dan Vals A\\\/S k\u00e4sittelee henkil\u00f6tietojasi ja mit\u00e4 oikeuksia sinulla on niihin liittyen.\",\"breadcrumb\":{\"@id\":\"https:\\\/\\\/danvals.com\\\/fi\\\/tietoa-meista-dan-vals\\\/tietosuojaseloste\\\/#breadcrumb\"},\"inLanguage\":\"fi\",\"potentialAction\":[{\"@type\":\"ReadAction\",\"target\":[\"https:\\\/\\\/danvals.com\\\/fi\\\/tietoa-meista-dan-vals\\\/tietosuojaseloste\\\/\"]}]},{\"@type\":\"BreadcrumbList\",\"@id\":\"https:\\\/\\\/danvals.com\\\/fi\\\/tietoa-meista-dan-vals\\\/tietosuojaseloste\\\/#breadcrumb\",\"itemListElement\":[{\"@type\":\"ListItem\",\"position\":1,\"name\":\"Hjem\",\"item\":\"https:\\\/\\\/danvals.com\\\/fi\\\/etusivu\\\/\"},{\"@type\":\"ListItem\",\"position\":2,\"name\":\"TIETOA MEIST\u00c4- DAN VALS\",\"item\":\"https:\\\/\\\/danvals.com\\\/fi\\\/tietoa-meista-dan-vals\\\/\"},{\"@type\":\"ListItem\",\"position\":3,\"name\":\"TIETOSUOJASELOSTE\"}]},{\"@type\":\"WebSite\",\"@id\":\"https:\\\/\\\/danvals.com\\\/#website\",\"url\":\"https:\\\/\\\/danvals.com\\\/\",\"name\":\"Dan Vals A\\\/S\",\"description\":\"Profile rolling and bending\",\"potentialAction\":[{\"@type\":\"SearchAction\",\"target\":{\"@type\":\"EntryPoint\",\"urlTemplate\":\"https:\\\/\\\/danvals.com\\\/?s={search_term_string}\"},\"query-input\":{\"@type\":\"PropertyValueSpecification\",\"valueRequired\":true,\"valueName\":\"search_term_string\"}}],\"inLanguage\":\"fi\"}]}<\/script>\n<!-- \/ Yoast SEO plugin. -->","yoast_head_json":{"title":"| Dan Vals","description":"T\u00e4ss\u00e4 tietosuojak\u00e4yt\u00e4nn\u00f6ss\u00e4 kerrotaan, miten Dan Vals A\/S k\u00e4sittelee henkil\u00f6tietojasi ja mit\u00e4 oikeuksia sinulla on niihin liittyen.","robots":{"index":"index","follow":"follow","max-snippet":"max-snippet:-1","max-image-preview":"max-image-preview:large","max-video-preview":"max-video-preview:-1"},"canonical":"https:\/\/danvals.com\/fi\/tietoa-meista-dan-vals\/tietosuojaseloste\/","og_locale":"fi_FI","og_type":"article","og_title":"| Dan Vals","og_description":"T\u00e4ss\u00e4 tietosuojak\u00e4yt\u00e4nn\u00f6ss\u00e4 kerrotaan, miten Dan Vals A\/S k\u00e4sittelee henkil\u00f6tietojasi ja mit\u00e4 oikeuksia sinulla on niihin liittyen.","og_url":"https:\/\/danvals.com\/fi\/tietoa-meista-dan-vals\/tietosuojaseloste\/","og_site_name":"Dan Vals A\/S","article_modified_time":"2024-08-26T09:09:05+00:00","twitter_card":"summary_large_image","twitter_misc":{"Arvioitu lukuaika":"4 minutes"},"schema":{"@context":"https:\/\/schema.org","@graph":[{"@type":"WebPage","@id":"https:\/\/danvals.com\/fi\/tietoa-meista-dan-vals\/tietosuojaseloste\/","url":"https:\/\/danvals.com\/fi\/tietoa-meista-dan-vals\/tietosuojaseloste\/","name":"| Dan Vals","isPartOf":{"@id":"https:\/\/danvals.com\/#website"},"datePublished":"2024-08-26T09:09:04+00:00","dateModified":"2024-08-26T09:09:05+00:00","description":"T\u00e4ss\u00e4 tietosuojak\u00e4yt\u00e4nn\u00f6ss\u00e4 kerrotaan, miten Dan Vals A\/S k\u00e4sittelee henkil\u00f6tietojasi ja mit\u00e4 oikeuksia sinulla on niihin liittyen.","breadcrumb":{"@id":"https:\/\/danvals.com\/fi\/tietoa-meista-dan-vals\/tietosuojaseloste\/#breadcrumb"},"inLanguage":"fi","potentialAction":[{"@type":"ReadAction","target":["https:\/\/danvals.com\/fi\/tietoa-meista-dan-vals\/tietosuojaseloste\/"]}]},{"@type":"BreadcrumbList","@id":"https:\/\/danvals.com\/fi\/tietoa-meista-dan-vals\/tietosuojaseloste\/#breadcrumb","itemListElement":[{"@type":"ListItem","position":1,"name":"Hjem","item":"https:\/\/danvals.com\/fi\/etusivu\/"},{"@type":"ListItem","position":2,"name":"TIETOA MEIST\u00c4- DAN VALS","item":"https:\/\/danvals.com\/fi\/tietoa-meista-dan-vals\/"},{"@type":"ListItem","position":3,"name":"TIETOSUOJASELOSTE"}]},{"@type":"WebSite","@id":"https:\/\/danvals.com\/#website","url":"https:\/\/danvals.com\/","name":"Dan Vals A\/S","description":"Profile rolling and bending","potentialAction":[{"@type":"SearchAction","target":{"@type":"EntryPoint","urlTemplate":"https:\/\/danvals.com\/?s={search_term_string}"},"query-input":{"@type":"PropertyValueSpecification","valueRequired":true,"valueName":"search_term_string"}}],"inLanguage":"fi"}]}},"_links":{"self":[{"href":"https:\/\/danvals.com\/fi\/wp-json\/wp\/v2\/pages\/13161","targetHints":{"allow":["GET"]}}],"collection":[{"href":"https:\/\/danvals.com\/fi\/wp-json\/wp\/v2\/pages"}],"about":[{"href":"https:\/\/danvals.com\/fi\/wp-json\/wp\/v2\/types\/page"}],"author":[{"embeddable":true,"href":"https:\/\/danvals.com\/fi\/wp-json\/wp\/v2\/users\/2"}],"replies":[{"embeddable":true,"href":"https:\/\/danvals.com\/fi\/wp-json\/wp\/v2\/comments?post=13161"}],"version-history":[{"count":1,"href":"https:\/\/danvals.com\/fi\/wp-json\/wp\/v2\/pages\/13161\/revisions"}],"predecessor-version":[{"id":13162,"href":"https:\/\/danvals.com\/fi\/wp-json\/wp\/v2\/pages\/13161\/revisions\/13162"}],"up":[{"embeddable":true,"href":"https:\/\/danvals.com\/fi\/wp-json\/wp\/v2\/pages\/13136"}],"wp:attachment":[{"href":"https:\/\/danvals.com\/fi\/wp-json\/wp\/v2\/media?parent=13161"}],"curies":[{"name":"wp","href":"https:\/\/api.w.org\/{rel}","templated":true}]}}