{"id":13203,"date":"2024-08-26T12:08:22","date_gmt":"2024-08-26T10:08:22","guid":{"rendered":"https:\/\/danvals.com\/neuvot\/"},"modified":"2024-08-28T08:59:33","modified_gmt":"2024-08-28T06:59:33","slug":"neuvot","status":"publish","type":"page","link":"https:\/\/danvals.com\/fi\/neuvot\/","title":{"rendered":"NEUVOT"},"content":{"rendered":"\t\t<div data-elementor-type=\"wp-page\" data-elementor-id=\"13203\" class=\"elementor elementor-13203 elementor-8081\" data-elementor-post-type=\"page\">\n\t\t\t\t\t\t<section class=\"elementor-section elementor-top-section elementor-element elementor-element-4c73f17 elementor-section-height-min-height elementor-section-boxed elementor-section-height-default elementor-section-items-middle\" data-id=\"4c73f17\" data-element_type=\"section\" data-e-type=\"section\" data-settings=\"{&quot;background_background&quot;:&quot;classic&quot;,&quot;jet_parallax_layout_list&quot;:[]}\">\n\t\t\t\t\t\t<div class=\"elementor-container elementor-column-gap-default\">\n\t\t\t\t\t<div class=\"elementor-column elementor-col-100 elementor-top-column elementor-element elementor-element-0c36e80\" data-id=\"0c36e80\" data-element_type=\"column\" data-e-type=\"column\">\n\t\t\t<div class=\"elementor-widget-wrap elementor-element-populated\">\n\t\t\t\t\t\t<div class=\"elementor-element elementor-element-3602f4e elementor-widget elementor-widget-heading\" data-id=\"3602f4e\" data-element_type=\"widget\" data-e-type=\"widget\" data-widget_type=\"heading.default\">\n\t\t\t\t<div class=\"elementor-widget-container\">\n\t\t\t\t\t<h1 class=\"elementor-heading-title elementor-size-default\">NEUVOT<\/h1>\t\t\t\t<\/div>\n\t\t\t\t<\/div>\n\t\t\t\t<div class=\"elementor-element elementor-element-b6f094d jet-breadcrumbs-align-center elementor-widget elementor-widget-jet-breadcrumbs\" data-id=\"b6f094d\" data-element_type=\"widget\" data-e-type=\"widget\" data-widget_type=\"jet-breadcrumbs.default\">\n\t\t\t\t<div class=\"elementor-widget-container\">\n\t\t\t\t\t<div class=\"elementor-jet-breadcrumbs jet-blocks\">\n\t\t<div class=\"jet-breadcrumbs\">\n\t\t<div class=\"jet-breadcrumbs__content\">\n\t\t<div class=\"jet-breadcrumbs__wrap\"><div class=\"jet-breadcrumbs__item\"><a href=\"https:\/\/danvals.com\/fi\/\" class=\"jet-breadcrumbs__item-link is-home\" rel=\"home\" title=\"etusivu\">etusivu<\/a><\/div>\n\t\t<\/div>\n\t\t<\/div>\n\t\t<\/div><\/div>\t\t\t\t<\/div>\n\t\t\t\t<\/div>\n\t\t\t\t\t<\/div>\n\t\t<\/div>\n\t\t\t\t\t<\/div>\n\t\t<\/section>\n\t\t\t\t<section class=\"elementor-section elementor-top-section elementor-element elementor-element-fdfb613 elementor-reverse-mobile elementor-section-boxed elementor-section-height-default elementor-section-height-default\" data-id=\"fdfb613\" data-element_type=\"section\" data-e-type=\"section\" data-settings=\"{&quot;jet_parallax_layout_list&quot;:[]}\">\n\t\t\t\t\t\t<div class=\"elementor-container elementor-column-gap-default\">\n\t\t\t\t\t<div class=\"elementor-column elementor-col-50 elementor-top-column elementor-element elementor-element-a29adc1\" data-id=\"a29adc1\" data-element_type=\"column\" data-e-type=\"column\">\n\t\t\t<div class=\"elementor-widget-wrap elementor-element-populated\">\n\t\t\t\t\t\t<div class=\"elementor-element elementor-element-e18eedf elementor-widget elementor-widget-gallery\" data-id=\"e18eedf\" data-element_type=\"widget\" data-e-type=\"widget\" data-settings=\"{&quot;columns&quot;:3,&quot;aspect_ratio&quot;:&quot;1:1&quot;,&quot;columns_mobile&quot;:2,&quot;gallery_layout&quot;:&quot;grid&quot;,&quot;columns_tablet&quot;:2,&quot;gap&quot;:{&quot;unit&quot;:&quot;px&quot;,&quot;size&quot;:10,&quot;sizes&quot;:[]},&quot;gap_tablet&quot;:{&quot;unit&quot;:&quot;px&quot;,&quot;size&quot;:10,&quot;sizes&quot;:[]},&quot;gap_mobile&quot;:{&quot;unit&quot;:&quot;px&quot;,&quot;size&quot;:10,&quot;sizes&quot;:[]},&quot;link_to&quot;:&quot;file&quot;,&quot;overlay_background&quot;:&quot;yes&quot;,&quot;content_hover_animation&quot;:&quot;fade-in&quot;}\" data-widget_type=\"gallery.default\">\n\t\t\t\t<div class=\"elementor-widget-container\">\n\t\t\t\t\t\t\t<div class=\"elementor-gallery__container\">\n\t\t\t\t\t\t\t<a class=\"e-gallery-item elementor-gallery-item elementor-animated-content\" href=\"https:\/\/danvals.com\/wp-content\/uploads\/roerspiraler-15.jpg\" data-elementor-open-lightbox=\"yes\" data-elementor-lightbox-slideshow=\"e18eedf\" data-elementor-lightbox-title=\"roerspiraler-15\" data-e-action-hash=\"#elementor-action%3Aaction%3Dlightbox%26settings%3DeyJpZCI6MTc4NSwidXJsIjoiaHR0cHM6XC9cL2RhbnZhbHMuY29tXC93cC1jb250ZW50XC91cGxvYWRzXC9yb2Vyc3BpcmFsZXItMTUuanBnIiwic2xpZGVzaG93IjoiZTE4ZWVkZiJ9\">\n\t\t\t\t\t<div class=\"e-gallery-image elementor-gallery-item__image\" data-thumbnail=\"https:\/\/danvals.com\/wp-content\/uploads\/roerspiraler-15.jpg\" data-width=\"800\" data-height=\"532\" aria-label=\"\" role=\"img\" ><\/div>\n\t\t\t\t\t\t\t\t\t\t\t<div class=\"elementor-gallery-item__overlay\"><\/div>\n\t\t\t\t\t\t\t\t\t\t\t\t\t\t<\/a>\n\t\t\t\t\t\t\t<a class=\"e-gallery-item elementor-gallery-item elementor-animated-content\" href=\"https:\/\/danvals.com\/wp-content\/uploads\/roerspiraler-06.jpg\" data-elementor-open-lightbox=\"yes\" data-elementor-lightbox-slideshow=\"e18eedf\" data-elementor-lightbox-title=\"roerspiraler-06\" data-e-action-hash=\"#elementor-action%3Aaction%3Dlightbox%26settings%3DeyJpZCI6MTc3NiwidXJsIjoiaHR0cHM6XC9cL2RhbnZhbHMuY29tXC93cC1jb250ZW50XC91cGxvYWRzXC9yb2Vyc3BpcmFsZXItMDYuanBnIiwic2xpZGVzaG93IjoiZTE4ZWVkZiJ9\">\n\t\t\t\t\t<div class=\"e-gallery-image elementor-gallery-item__image\" data-thumbnail=\"https:\/\/danvals.com\/wp-content\/uploads\/roerspiraler-06.jpg\" data-width=\"800\" data-height=\"532\" aria-label=\"\" role=\"img\" ><\/div>\n\t\t\t\t\t\t\t\t\t\t\t<div class=\"elementor-gallery-item__overlay\"><\/div>\n\t\t\t\t\t\t\t\t\t\t\t\t\t\t<\/a>\n\t\t\t\t\t\t\t<a class=\"e-gallery-item elementor-gallery-item elementor-animated-content\" href=\"https:\/\/danvals.com\/wp-content\/uploads\/roerspiraler-10.jpg\" data-elementor-open-lightbox=\"yes\" data-elementor-lightbox-slideshow=\"e18eedf\" data-elementor-lightbox-title=\"roerspiraler-10\" data-e-action-hash=\"#elementor-action%3Aaction%3Dlightbox%26settings%3DeyJpZCI6MTc4MCwidXJsIjoiaHR0cHM6XC9cL2RhbnZhbHMuY29tXC93cC1jb250ZW50XC91cGxvYWRzXC9yb2Vyc3BpcmFsZXItMTAuanBnIiwic2xpZGVzaG93IjoiZTE4ZWVkZiJ9\">\n\t\t\t\t\t<div class=\"e-gallery-image elementor-gallery-item__image\" data-thumbnail=\"https:\/\/danvals.com\/wp-content\/uploads\/roerspiraler-10.jpg\" data-width=\"800\" data-height=\"532\" aria-label=\"\" role=\"img\" ><\/div>\n\t\t\t\t\t\t\t\t\t\t\t<div class=\"elementor-gallery-item__overlay\"><\/div>\n\t\t\t\t\t\t\t\t\t\t\t\t\t\t<\/a>\n\t\t\t\t\t\t\t<a class=\"e-gallery-item elementor-gallery-item elementor-animated-content\" href=\"https:\/\/danvals.com\/wp-content\/uploads\/roerboejninger-24.jpg\" data-elementor-open-lightbox=\"yes\" data-elementor-lightbox-slideshow=\"e18eedf\" data-elementor-lightbox-title=\"roerboejninger-24\" data-e-action-hash=\"#elementor-action%3Aaction%3Dlightbox%26settings%3DeyJpZCI6MTc2NSwidXJsIjoiaHR0cHM6XC9cL2RhbnZhbHMuY29tXC93cC1jb250ZW50XC91cGxvYWRzXC9yb2VyYm9lam5pbmdlci0yNC5qcGciLCJzbGlkZXNob3ciOiJlMThlZWRmIn0%3D\">\n\t\t\t\t\t<div class=\"e-gallery-image elementor-gallery-item__image\" data-thumbnail=\"https:\/\/danvals.com\/wp-content\/uploads\/roerboejninger-24.jpg\" data-width=\"800\" data-height=\"600\" aria-label=\"\" role=\"img\" ><\/div>\n\t\t\t\t\t\t\t\t\t\t\t<div class=\"elementor-gallery-item__overlay\"><\/div>\n\t\t\t\t\t\t\t\t\t\t\t\t\t\t<\/a>\n\t\t\t\t\t\t\t<a class=\"e-gallery-item elementor-gallery-item elementor-animated-content\" href=\"https:\/\/danvals.com\/wp-content\/uploads\/plade-23.jpg\" data-elementor-open-lightbox=\"yes\" data-elementor-lightbox-slideshow=\"e18eedf\" data-elementor-lightbox-title=\"plade-23\" data-e-action-hash=\"#elementor-action%3Aaction%3Dlightbox%26settings%3DeyJpZCI6MTczMiwidXJsIjoiaHR0cHM6XC9cL2RhbnZhbHMuY29tXC93cC1jb250ZW50XC91cGxvYWRzXC9wbGFkZS0yMy5qcGciLCJzbGlkZXNob3ciOiJlMThlZWRmIn0%3D\">\n\t\t\t\t\t<div class=\"e-gallery-image elementor-gallery-item__image\" data-thumbnail=\"https:\/\/danvals.com\/wp-content\/uploads\/plade-23.jpg\" data-width=\"800\" data-height=\"532\" aria-label=\"\" role=\"img\" ><\/div>\n\t\t\t\t\t\t\t\t\t\t\t<div class=\"elementor-gallery-item__overlay\"><\/div>\n\t\t\t\t\t\t\t\t\t\t\t\t\t\t<\/a>\n\t\t\t\t\t\t\t<a class=\"e-gallery-item elementor-gallery-item elementor-animated-content\" href=\"https:\/\/danvals.com\/wp-content\/uploads\/alumium-37.jpg\" data-elementor-open-lightbox=\"yes\" data-elementor-lightbox-slideshow=\"e18eedf\" data-elementor-lightbox-title=\"alumium-37\" data-e-action-hash=\"#elementor-action%3Aaction%3Dlightbox%26settings%3DeyJpZCI6MTcwMCwidXJsIjoiaHR0cHM6XC9cL2RhbnZhbHMuY29tXC93cC1jb250ZW50XC91cGxvYWRzXC9hbHVtaXVtLTM3LmpwZyIsInNsaWRlc2hvdyI6ImUxOGVlZGYifQ%3D%3D\">\n\t\t\t\t\t<div class=\"e-gallery-image elementor-gallery-item__image\" data-thumbnail=\"https:\/\/danvals.com\/wp-content\/uploads\/alumium-37.jpg\" data-width=\"800\" data-height=\"448\" aria-label=\"\" role=\"img\" ><\/div>\n\t\t\t\t\t\t\t\t\t\t\t<div class=\"elementor-gallery-item__overlay\"><\/div>\n\t\t\t\t\t\t\t\t\t\t\t\t\t\t<\/a>\n\t\t\t\t\t<\/div>\n\t\t\t\t\t<\/div>\n\t\t\t\t<\/div>\n\t\t\t\t\t<\/div>\n\t\t<\/div>\n\t\t\t\t<div class=\"elementor-column elementor-col-50 elementor-top-column elementor-element elementor-element-7317ffc\" data-id=\"7317ffc\" data-element_type=\"column\" data-e-type=\"column\">\n\t\t\t<div class=\"elementor-widget-wrap elementor-element-populated\">\n\t\t\t\t\t\t<div class=\"elementor-element elementor-element-b6e2ec5 elementor-widget elementor-widget-heading\" data-id=\"b6e2ec5\" data-element_type=\"widget\" data-e-type=\"widget\" data-widget_type=\"heading.default\">\n\t\t\t\t<div class=\"elementor-widget-container\">\n\t\t\t\t\t<h2 class=\"elementor-heading-title elementor-size-default\">ME OLEMME VALMIINA AUTTAMAAN SINUA<\/h2>\t\t\t\t<\/div>\n\t\t\t\t<\/div>\n\t\t\t\t<div class=\"elementor-element elementor-element-24893fc elementor-widget elementor-widget-text-editor\" data-id=\"24893fc\" data-element_type=\"widget\" data-e-type=\"widget\" data-widget_type=\"text-editor.default\">\n\t\t\t\t<div class=\"elementor-widget-container\">\n\t\t\t\t\t\t\t\t\t<p>Kokeneet ty\u00f6ntekij\u00e4mme ovat valmiita auttamaan ja neuvomaan sinua. Olet tervetullut t\u00e4ytt\u00e4m\u00e4\u00e4n alla olevan lomakkeen ja lataamaan piirustuksesi, jos sinulla on k\u00e4siss\u00e4si tilaus tai projekti, josta haluaisit saada asiantuntevan ja ammattimaisen arvion. <\/p>\n<p>Voit my\u00f6s l\u00e4hett\u00e4\u00e4 meille s\u00e4hk\u00f6postia osoitteeseen <a href=\"mailto:info@danvals.com\">info@danvals.com<\/a><\/p>\n\t\t\t\t\t\t\t\t<\/div>\n\t\t\t\t<\/div>\n\t\t\t\t<div class=\"elementor-element elementor-element-abbfe1a elementor-align-left elementor-mobile-align-center elementor-widget elementor-widget-button\" data-id=\"abbfe1a\" data-element_type=\"widget\" data-e-type=\"widget\" data-widget_type=\"button.default\">\n\t\t\t\t<div class=\"elementor-widget-container\">\n\t\t\t\t\t\t\t\t\t<div class=\"elementor-button-wrapper\">\n\t\t\t\t\t<a class=\"elementor-button elementor-button-link elementor-size-lg elementor-animation-float\" href=\"https:\/\/danvals.com\/fi\/yhteydenotto\/yhteydenottopyyntolomake\/\">\n\t\t\t\t\t\t<span class=\"elementor-button-content-wrapper\">\n\t\t\t\t\t\t\t\t\t<span class=\"elementor-button-text\">T\u00c4YT\u00c4 LOMAKE<\/span>\n\t\t\t\t\t<\/span>\n\t\t\t\t\t<\/a>\n\t\t\t\t<\/div>\n\t\t\t\t\t\t\t\t<\/div>\n\t\t\t\t<\/div>\n\t\t\t\t\t<\/div>\n\t\t<\/div>\n\t\t\t\t\t<\/div>\n\t\t<\/section>\n\t\t\t\t<\/div>\n\t\t","protected":false},"excerpt":{"rendered":"<p>NEUVOT front page ME OLEMME VALMIINA AUTTAMAAN SINUA Kokeneet ty\u00f6ntekij\u00e4mme ovat valmiita auttamaan ja neuvomaan sinua. Olet tervetullut t\u00e4ytt\u00e4m\u00e4\u00e4n alla olevan lomakkeen ja lataamaan piirustuksesi, jos sinulla on k\u00e4siss\u00e4si tilaus tai projekti, josta haluaisit saada asiantuntevan ja ammattimaisen arvion. Voit my\u00f6s l\u00e4hett\u00e4\u00e4 meille s\u00e4hk\u00f6postia osoitteeseen info@danvals.com T\u00c4YT\u00c4 LOMAKE<\/p>\n","protected":false},"author":2,"featured_media":0,"parent":0,"menu_order":0,"comment_status":"closed","ping_status":"closed","template":"elementor_header_footer","meta":{"site-sidebar-layout":"no-sidebar","site-content-layout":"page-builder","ast-site-content-layout":"full-width-container","site-content-style":"unboxed","site-sidebar-style":"unboxed","ast-global-header-display":"","ast-banner-title-visibility":"","ast-main-header-display":"","ast-hfb-above-header-display":"","ast-hfb-below-header-display":"","ast-hfb-mobile-header-display":"","site-post-title":"disabled","ast-breadcrumbs-content":"","ast-featured-img":"disabled","footer-sml-layout":"","ast-disable-related-posts":"","theme-transparent-header-meta":"","adv-header-id-meta":"","stick-header-meta":"","header-above-stick-meta":"","header-main-stick-meta":"","header-below-stick-meta":"","astra-migrate-meta-layouts":"set","ast-page-background-enabled":"default","ast-page-background-meta":{"desktop":{"background-color":"var(--ast-global-color-4)","background-image":"","background-repeat":"repeat","background-position":"center center","background-size":"auto","background-attachment":"scroll","background-type":"","background-media":"","overlay-type":"","overlay-color":"","overlay-opacity":"","overlay-gradient":""},"tablet":{"background-color":"","background-image":"","background-repeat":"repeat","background-position":"center center","background-size":"auto","background-attachment":"scroll","background-type":"","background-media":"","overlay-type":"","overlay-color":"","overlay-opacity":"","overlay-gradient":""},"mobile":{"background-color":"","background-image":"","background-repeat":"repeat","background-position":"center center","background-size":"auto","background-attachment":"scroll","background-type":"","background-media":"","overlay-type":"","overlay-color":"","overlay-opacity":"","overlay-gradient":""}},"ast-content-background-meta":{"desktop":{"background-color":"var(--ast-global-color-5)","background-image":"","background-repeat":"repeat","background-position":"center center","background-size":"auto","background-attachment":"scroll","background-type":"","background-media":"","overlay-type":"","overlay-color":"","overlay-opacity":"","overlay-gradient":""},"tablet":{"background-color":"var(--ast-global-color-5)","background-image":"","background-repeat":"repeat","background-position":"center center","background-size":"auto","background-attachment":"scroll","background-type":"","background-media":"","overlay-type":"","overlay-color":"","overlay-opacity":"","overlay-gradient":""},"mobile":{"background-color":"var(--ast-global-color-5)","background-image":"","background-repeat":"repeat","background-position":"center center","background-size":"auto","background-attachment":"scroll","background-type":"","background-media":"","overlay-type":"","overlay-color":"","overlay-opacity":"","overlay-gradient":""}},"footnotes":""},"class_list":["post-13203","page","type-page","status-publish","hentry"],"yoast_head":"<!-- This site is optimized with the Yoast SEO plugin v27.5 - https:\/\/yoast.com\/product\/yoast-seo-wordpress\/ -->\n<title>Neuvonta | Dan Vals<\/title>\n<meta name=\"description\" content=\"Kokenut tiimimme on valmis neuvomaan sinua. T\u00e4yt\u00e4 alla oleva lomake tilauksellasi tai j\u00e4t\u00e4 projektisi arvioitavaksi.\" \/>\n<meta name=\"robots\" content=\"index, follow, max-snippet:-1, max-image-preview:large, max-video-preview:-1\" \/>\n<link rel=\"canonical\" href=\"https:\/\/danvals.com\/fi\/neuvot\/\" \/>\n<meta property=\"og:locale\" content=\"fi_FI\" \/>\n<meta property=\"og:type\" content=\"article\" \/>\n<meta property=\"og:title\" content=\"Neuvonta | Dan Vals\" \/>\n<meta property=\"og:description\" content=\"Kokenut tiimimme on valmis neuvomaan sinua. T\u00e4yt\u00e4 alla oleva lomake tilauksellasi tai j\u00e4t\u00e4 projektisi arvioitavaksi.\" \/>\n<meta property=\"og:url\" content=\"https:\/\/danvals.com\/fi\/neuvot\/\" \/>\n<meta property=\"og:site_name\" content=\"Dan Vals A\/S\" \/>\n<meta property=\"article:modified_time\" content=\"2024-08-28T06:59:33+00:00\" \/>\n<meta name=\"twitter:card\" content=\"summary_large_image\" \/>\n<meta name=\"twitter:label1\" content=\"Arvioitu lukuaika\" \/>\n\t<meta name=\"twitter:data1\" content=\"1 minute\" \/>\n<script type=\"application\/ld+json\" class=\"yoast-schema-graph\">{\"@context\":\"https:\\\/\\\/schema.org\",\"@graph\":[{\"@type\":\"WebPage\",\"@id\":\"https:\\\/\\\/danvals.com\\\/fi\\\/neuvot\\\/\",\"url\":\"https:\\\/\\\/danvals.com\\\/fi\\\/neuvot\\\/\",\"name\":\"Neuvonta | Dan Vals\",\"isPartOf\":{\"@id\":\"https:\\\/\\\/danvals.com\\\/#website\"},\"datePublished\":\"2024-08-26T10:08:22+00:00\",\"dateModified\":\"2024-08-28T06:59:33+00:00\",\"description\":\"Kokenut tiimimme on valmis neuvomaan sinua. T\u00e4yt\u00e4 alla oleva lomake tilauksellasi tai j\u00e4t\u00e4 projektisi arvioitavaksi.\",\"breadcrumb\":{\"@id\":\"https:\\\/\\\/danvals.com\\\/fi\\\/neuvot\\\/#breadcrumb\"},\"inLanguage\":\"fi\",\"potentialAction\":[{\"@type\":\"ReadAction\",\"target\":[\"https:\\\/\\\/danvals.com\\\/fi\\\/neuvot\\\/\"]}]},{\"@type\":\"BreadcrumbList\",\"@id\":\"https:\\\/\\\/danvals.com\\\/fi\\\/neuvot\\\/#breadcrumb\",\"itemListElement\":[{\"@type\":\"ListItem\",\"position\":1,\"name\":\"Hjem\",\"item\":\"https:\\\/\\\/danvals.com\\\/fi\\\/etusivu\\\/\"},{\"@type\":\"ListItem\",\"position\":2,\"name\":\"NEUVOT\"}]},{\"@type\":\"WebSite\",\"@id\":\"https:\\\/\\\/danvals.com\\\/#website\",\"url\":\"https:\\\/\\\/danvals.com\\\/\",\"name\":\"Dan Vals A\\\/S\",\"description\":\"Profile rolling and bending\",\"potentialAction\":[{\"@type\":\"SearchAction\",\"target\":{\"@type\":\"EntryPoint\",\"urlTemplate\":\"https:\\\/\\\/danvals.com\\\/?s={search_term_string}\"},\"query-input\":{\"@type\":\"PropertyValueSpecification\",\"valueRequired\":true,\"valueName\":\"search_term_string\"}}],\"inLanguage\":\"fi\"}]}<\/script>\n<!-- \/ Yoast SEO plugin. -->","yoast_head_json":{"title":"Neuvonta | Dan Vals","description":"Kokenut tiimimme on valmis neuvomaan sinua. T\u00e4yt\u00e4 alla oleva lomake tilauksellasi tai j\u00e4t\u00e4 projektisi arvioitavaksi.","robots":{"index":"index","follow":"follow","max-snippet":"max-snippet:-1","max-image-preview":"max-image-preview:large","max-video-preview":"max-video-preview:-1"},"canonical":"https:\/\/danvals.com\/fi\/neuvot\/","og_locale":"fi_FI","og_type":"article","og_title":"Neuvonta | Dan Vals","og_description":"Kokenut tiimimme on valmis neuvomaan sinua. T\u00e4yt\u00e4 alla oleva lomake tilauksellasi tai j\u00e4t\u00e4 projektisi arvioitavaksi.","og_url":"https:\/\/danvals.com\/fi\/neuvot\/","og_site_name":"Dan Vals A\/S","article_modified_time":"2024-08-28T06:59:33+00:00","twitter_card":"summary_large_image","twitter_misc":{"Arvioitu lukuaika":"1 minute"},"schema":{"@context":"https:\/\/schema.org","@graph":[{"@type":"WebPage","@id":"https:\/\/danvals.com\/fi\/neuvot\/","url":"https:\/\/danvals.com\/fi\/neuvot\/","name":"Neuvonta | Dan Vals","isPartOf":{"@id":"https:\/\/danvals.com\/#website"},"datePublished":"2024-08-26T10:08:22+00:00","dateModified":"2024-08-28T06:59:33+00:00","description":"Kokenut tiimimme on valmis neuvomaan sinua. T\u00e4yt\u00e4 alla oleva lomake tilauksellasi tai j\u00e4t\u00e4 projektisi arvioitavaksi.","breadcrumb":{"@id":"https:\/\/danvals.com\/fi\/neuvot\/#breadcrumb"},"inLanguage":"fi","potentialAction":[{"@type":"ReadAction","target":["https:\/\/danvals.com\/fi\/neuvot\/"]}]},{"@type":"BreadcrumbList","@id":"https:\/\/danvals.com\/fi\/neuvot\/#breadcrumb","itemListElement":[{"@type":"ListItem","position":1,"name":"Hjem","item":"https:\/\/danvals.com\/fi\/etusivu\/"},{"@type":"ListItem","position":2,"name":"NEUVOT"}]},{"@type":"WebSite","@id":"https:\/\/danvals.com\/#website","url":"https:\/\/danvals.com\/","name":"Dan Vals A\/S","description":"Profile rolling and bending","potentialAction":[{"@type":"SearchAction","target":{"@type":"EntryPoint","urlTemplate":"https:\/\/danvals.com\/?s={search_term_string}"},"query-input":{"@type":"PropertyValueSpecification","valueRequired":true,"valueName":"search_term_string"}}],"inLanguage":"fi"}]}},"_links":{"self":[{"href":"https:\/\/danvals.com\/fi\/wp-json\/wp\/v2\/pages\/13203","targetHints":{"allow":["GET"]}}],"collection":[{"href":"https:\/\/danvals.com\/fi\/wp-json\/wp\/v2\/pages"}],"about":[{"href":"https:\/\/danvals.com\/fi\/wp-json\/wp\/v2\/types\/page"}],"author":[{"embeddable":true,"href":"https:\/\/danvals.com\/fi\/wp-json\/wp\/v2\/users\/2"}],"replies":[{"embeddable":true,"href":"https:\/\/danvals.com\/fi\/wp-json\/wp\/v2\/comments?post=13203"}],"version-history":[{"count":2,"href":"https:\/\/danvals.com\/fi\/wp-json\/wp\/v2\/pages\/13203\/revisions"}],"predecessor-version":[{"id":13472,"href":"https:\/\/danvals.com\/fi\/wp-json\/wp\/v2\/pages\/13203\/revisions\/13472"}],"wp:attachment":[{"href":"https:\/\/danvals.com\/fi\/wp-json\/wp\/v2\/media?parent=13203"}],"curies":[{"name":"wp","href":"https:\/\/api.w.org\/{rel}","templated":true}]}}