{"id":10535,"date":"2022-06-13T09:10:01","date_gmt":"2022-06-13T07:10:01","guid":{"rendered":"https:\/\/danvals.com\/robotsveising\/"},"modified":"2024-01-08T11:54:04","modified_gmt":"2024-01-08T09:54:04","slug":"robotsveising","status":"publish","type":"page","link":"https:\/\/danvals.com\/nb\/metallbearbeiding\/sveising\/robotsveising\/","title":{"rendered":"Robotsveising"},"content":{"rendered":"\t\t<div data-elementor-type=\"wp-page\" data-elementor-id=\"10535\" class=\"elementor elementor-10535 elementor-10078\" data-elementor-post-type=\"page\">\n\t\t\t\t\t\t<section class=\"elementor-section elementor-top-section elementor-element elementor-element-5e7e44b elementor-section-height-min-height elementor-section-boxed elementor-section-height-default elementor-section-items-middle\" data-id=\"5e7e44b\" data-element_type=\"section\" data-e-type=\"section\" data-settings=\"{&quot;background_background&quot;:&quot;classic&quot;,&quot;jet_parallax_layout_list&quot;:[]}\">\n\t\t\t\t\t\t<div class=\"elementor-container elementor-column-gap-default\">\n\t\t\t\t\t<div class=\"elementor-column elementor-col-100 elementor-top-column elementor-element elementor-element-c10874e\" data-id=\"c10874e\" data-element_type=\"column\" data-e-type=\"column\">\n\t\t\t<div class=\"elementor-widget-wrap elementor-element-populated\">\n\t\t\t\t\t\t<div class=\"elementor-element elementor-element-8338fa3 elementor-widget elementor-widget-heading\" data-id=\"8338fa3\" data-element_type=\"widget\" data-e-type=\"widget\" data-widget_type=\"heading.default\">\n\t\t\t\t<div class=\"elementor-widget-container\">\n\t\t\t\t\t<h1 class=\"elementor-heading-title elementor-size-default\">Robotsveising<\/h1>\t\t\t\t<\/div>\n\t\t\t\t<\/div>\n\t\t\t\t<div class=\"elementor-element elementor-element-22f5cec jet-breadcrumbs-align-center elementor-widget elementor-widget-jet-breadcrumbs\" data-id=\"22f5cec\" data-element_type=\"widget\" data-e-type=\"widget\" data-widget_type=\"jet-breadcrumbs.default\">\n\t\t\t\t<div class=\"elementor-widget-container\">\n\t\t\t\t\t<div class=\"elementor-jet-breadcrumbs jet-blocks\">\n\t\t<div class=\"jet-breadcrumbs\">\n\t\t<div class=\"jet-breadcrumbs__content\">\n\t\t<div class=\"jet-breadcrumbs__wrap\"><div class=\"jet-breadcrumbs__item\"><a href=\"https:\/\/danvals.com\/nb\/\" class=\"jet-breadcrumbs__item-link is-home\" rel=\"home\" title=\"Forside\">Forside<\/a><\/div>\n\t\t<\/div>\n\t\t<\/div>\n\t\t<\/div><\/div>\t\t\t\t<\/div>\n\t\t\t\t<\/div>\n\t\t\t\t\t<\/div>\n\t\t<\/div>\n\t\t\t\t\t<\/div>\n\t\t<\/section>\n\t\t\t\t<section class=\"elementor-section elementor-top-section elementor-element elementor-element-f45b162 elementor-reverse-tablet elementor-reverse-mobile elementor-section-boxed elementor-section-height-default elementor-section-height-default\" data-id=\"f45b162\" data-element_type=\"section\" data-e-type=\"section\" data-settings=\"{&quot;jet_parallax_layout_list&quot;:[]}\">\n\t\t\t\t\t\t<div class=\"elementor-container elementor-column-gap-default\">\n\t\t\t\t\t<div class=\"elementor-column elementor-col-50 elementor-top-column elementor-element elementor-element-bc15111\" data-id=\"bc15111\" data-element_type=\"column\" data-e-type=\"column\">\n\t\t\t<div class=\"elementor-widget-wrap elementor-element-populated\">\n\t\t\t\t\t\t<div class=\"elementor-element elementor-element-3f3f78e elementor-widget elementor-widget-image\" data-id=\"3f3f78e\" data-element_type=\"widget\" data-e-type=\"widget\" data-widget_type=\"image.default\">\n\t\t\t\t<div class=\"elementor-widget-container\">\n\t\t\t\t\t\t\t\t\t\t\t\t\t\t\t<img fetchpriority=\"high\" decoding=\"async\" width=\"1000\" height=\"1055\" src=\"https:\/\/danvals.com\/wp-content\/uploads\/robotsvejsning.jpg\" class=\"attachment-full size-full wp-image-10088\" alt=\"Robotsvejsning\" srcset=\"https:\/\/danvals.com\/wp-content\/uploads\/robotsvejsning.jpg 1000w, https:\/\/danvals.com\/wp-content\/uploads\/robotsvejsning-284x300.jpg 284w, https:\/\/danvals.com\/wp-content\/uploads\/robotsvejsning-971x1024.jpg 971w, https:\/\/danvals.com\/wp-content\/uploads\/robotsvejsning-768x810.jpg 768w\" sizes=\"(max-width: 1000px) 100vw, 1000px\" \/>\t\t\t\t\t\t\t\t\t\t\t\t\t\t\t<\/div>\n\t\t\t\t<\/div>\n\t\t\t\t\t<\/div>\n\t\t<\/div>\n\t\t\t\t<div class=\"elementor-column elementor-col-50 elementor-top-column elementor-element elementor-element-b1c4e46\" data-id=\"b1c4e46\" data-element_type=\"column\" data-e-type=\"column\">\n\t\t\t<div class=\"elementor-widget-wrap elementor-element-populated\">\n\t\t\t\t\t\t<div class=\"elementor-element elementor-element-9f27262 elementor-widget elementor-widget-text-editor\" data-id=\"9f27262\" data-element_type=\"widget\" data-e-type=\"widget\" data-widget_type=\"text-editor.default\">\n\t\t\t\t<div class=\"elementor-widget-container\">\n\t\t\t\t\t\t\t\t\t<p>Dan Vals bruker robotsveising slik at vi kan tilby h\u00f8y presisjon og effektiv sveising. Vi garanterer h\u00f8y kvalitet og spesialiserte l\u00f8sninger \u2013 hver gang! <\/p>\t\t\t\t\t\t\t\t<\/div>\n\t\t\t\t<\/div>\n\t\t\t\t<div class=\"elementor-element elementor-element-33a6843 elementor-widget elementor-widget-heading\" data-id=\"33a6843\" data-element_type=\"widget\" data-e-type=\"widget\" data-widget_type=\"heading.default\">\n\t\t\t\t<div class=\"elementor-widget-container\">\n\t\t\t\t\t<h2 class=\"elementor-heading-title elementor-size-default\">Robotsveising: Ensartet sveising <\/h2>\t\t\t\t<\/div>\n\t\t\t\t<\/div>\n\t\t\t\t<div class=\"elementor-element elementor-element-08489d4 elementor-widget elementor-widget-text-editor\" data-id=\"08489d4\" data-element_type=\"widget\" data-e-type=\"widget\" data-widget_type=\"text-editor.default\">\n\t\t\t\t<div class=\"elementor-widget-container\">\n\t\t\t\t\t\t\t\t\t<p>Med robotsveising f\u00e5r du b\u00e5de presise og mer effektive resultater, noe som er en fordel n\u00e5r du jobber med store serier. Vi benytter oss av avansert, toppmoderne teknologi som sikrer at alle sveiste elementer er ensartede, og at hele prosessen blir mer kostnadseffektiv.<\/p><p>Med robotsveising innstilles maskinene f\u00f8r selve sveisingen starter, og metoden er s\u00e5 presis at det blir langt f\u00e6rre feil. Vi sjekker selvf\u00f8lgelig at alle innstillinger er i henhold til dine spesifikasjoner. Hvis samme emner skulle sveises manuelt av sertifiserte sveisere, ville det ta lengre tid og risikoen for feil ville \u00f8ke. Robotsveising kan innstilles med millimetern\u00f8yaktighet.<\/p><p>Kort sagt f\u00e5r du mer presis og raskere sveising med robotsveising.<\/p>\t\t\t\t\t\t\t\t<\/div>\n\t\t\t\t<\/div>\n\t\t\t\t\t<\/div>\n\t\t<\/div>\n\t\t\t\t\t<\/div>\n\t\t<\/section>\n\t\t\t\t<section class=\"elementor-section elementor-top-section elementor-element elementor-element-a1841de elementor-section-boxed elementor-section-height-default elementor-section-height-default\" data-id=\"a1841de\" data-element_type=\"section\" data-e-type=\"section\" data-settings=\"{&quot;jet_parallax_layout_list&quot;:[]}\">\n\t\t\t\t\t\t<div class=\"elementor-container elementor-column-gap-default\">\n\t\t\t\t\t<div class=\"elementor-column elementor-col-100 elementor-top-column elementor-element elementor-element-5c6e463\" data-id=\"5c6e463\" data-element_type=\"column\" data-e-type=\"column\">\n\t\t\t<div class=\"elementor-widget-wrap elementor-element-populated\">\n\t\t\t\t\t\t<div class=\"elementor-element elementor-element-e4378e3 elementor-widget elementor-widget-heading\" data-id=\"e4378e3\" data-element_type=\"widget\" data-e-type=\"widget\" data-widget_type=\"heading.default\">\n\t\t\t\t<div class=\"elementor-widget-container\">\n\t\t\t\t\t<h2 class=\"elementor-heading-title elementor-size-default\">N\u00e5r anbefaler vi bruk av robotsveising? <\/h2>\t\t\t\t<\/div>\n\t\t\t\t<\/div>\n\t\t\t\t<div class=\"elementor-element elementor-element-8059ac7 elementor-widget elementor-widget-text-editor\" data-id=\"8059ac7\" data-element_type=\"widget\" data-e-type=\"widget\" data-widget_type=\"text-editor.default\">\n\t\t\t\t<div class=\"elementor-widget-container\">\n\t\t\t\t\t\t\t\t\t<p>Hvis prosjektet ditt omfatter et st\u00f8rre parti av serier, eller krever sv\u00e6rt n\u00f8yaktig sveising, kan det v\u00e6re en fordel \u00e5 overveie robotsveising. Roboten kan nemlig innstilles slik at den leverer samme resultat hver gang, samtidig som den kan utf\u00f8re vanskeligere sveiseoppgaver p\u00e5 mer kompliserte steder p\u00e5 emnene.<\/p><p>N\u00e5r vi skal robotsveise emner, tilvirker vi f\u00f8rst et sveisefeste som holder materialet fast under selve sveisingen. Det er kostnader forbundet med \u00e5 tilvirke et slikt feste. Robotsveising er derfor ikke n\u00f8dvendigvis den mest kostnadseffektive l\u00f8sningen med mindre det er flere ensartede emner som skal sveises.<\/p><p>Sist, men ikke minst kan bruk av robotsveising f\u00f8re til mindre materialsvinn, noe som i siste instans reduserer kostnadene. Roboten sveiser nemlig n\u00f8yaktig likt hver gang, og det er derfor mindre risiko for manuelle variasjoner og feilsveisinger.<\/p><p>Det er alts\u00e5 viktig \u00e5 vurdere sveiseoppgavens kompleksitet og st\u00f8rrelse f\u00f8r du velger robotsveising som l\u00f8sning.<\/p><p>Har du behov for sveising av mindre serier eller enkeltstykker som ikke krever like h\u00f8y presisjon? Da anbefaler vi manuell <span style=\"text-decoration: underline;\"><a href=\"https:\/\/danvals.com\/nb\/metallbearbeiding\/sveising\/\">sveising<\/a><\/span>.<\/p>\t\t\t\t\t\t\t\t<\/div>\n\t\t\t\t<\/div>\n\t\t\t\t<div class=\"elementor-element elementor-element-a9c3239 elementor-widget elementor-widget-heading\" data-id=\"a9c3239\" data-element_type=\"widget\" data-e-type=\"widget\" data-widget_type=\"heading.default\">\n\t\t\t\t<div class=\"elementor-widget-container\">\n\t\t\t\t\t<h2 class=\"elementor-heading-title elementor-size-default\">F\u00e5 spesialiserte l\u00f8sninger hos din foretrukne samarbeidspartner<\/h2>\t\t\t\t<\/div>\n\t\t\t\t<\/div>\n\t\t\t\t<div class=\"elementor-element elementor-element-c9abb7c elementor-widget elementor-widget-text-editor\" data-id=\"c9abb7c\" data-element_type=\"widget\" data-e-type=\"widget\" data-widget_type=\"text-editor.default\">\n\t\t\t\t<div class=\"elementor-widget-container\">\n\t\t\t\t\t\t\t\t\t<p>I Dan Vals er vi sv\u00e6rt stolte av v\u00e5re mange <a href=\"https:\/\/danvals.com\/nb\/tilfeller\/\"><span style=\"text-decoration: underline;\">oppdrag og samarbeidspartnere<\/span><\/a> som har gitt oss et godt innblikk i flere forskjellige bransjer. I tillegg kan vi med v\u00e5r mange\u00e5rige erfaring tilby spesialiserte l\u00f8sninger som lever opp til b\u00e5de bransjekrav og kundenes egne krav og spesifikasjoner.<\/p><p>Vil du h\u00f8re mer om mulighetene? Eller vil du ha et konkret tilbud som dekker alle behov? Vi st\u00e5r alltid klare til \u00e5 ta en prat og komme med uforpliktende tilbud. <\/p><p>Du finner <span style=\"text-decoration: underline;\"><a href=\"https:\/\/danvals.com\/nb\/tilbud\/\">kontaktinformasjon<\/a><\/span> her.<\/p>\t\t\t\t\t\t\t\t<\/div>\n\t\t\t\t<\/div>\n\t\t\t\t\t<\/div>\n\t\t<\/div>\n\t\t\t\t\t<\/div>\n\t\t<\/section>\n\t\t\t\t<section class=\"elementor-section elementor-top-section elementor-element elementor-element-42e8053 elementor-section-boxed elementor-section-height-default elementor-section-height-default\" data-id=\"42e8053\" data-element_type=\"section\" data-e-type=\"section\" data-settings=\"{&quot;background_background&quot;:&quot;classic&quot;,&quot;jet_parallax_layout_list&quot;:[]}\">\n\t\t\t\t\t\t\t<div class=\"elementor-background-overlay\"><\/div>\n\t\t\t\t\t\t\t<div class=\"elementor-container elementor-column-gap-default\">\n\t\t\t\t\t<div class=\"elementor-column elementor-col-100 elementor-top-column elementor-element elementor-element-ff14c15\" data-id=\"ff14c15\" data-element_type=\"column\" data-e-type=\"column\">\n\t\t\t<div class=\"elementor-widget-wrap elementor-element-populated\">\n\t\t\t\t\t\t<div class=\"elementor-element elementor-element-f4995a9 elementor-widget elementor-widget-heading\" data-id=\"f4995a9\" data-element_type=\"widget\" data-e-type=\"widget\" data-widget_type=\"heading.default\">\n\t\t\t\t<div class=\"elementor-widget-container\">\n\t\t\t\t\t<h2 class=\"elementor-heading-title elementor-size-default\">VIL DU VITE MER?<\/h2>\t\t\t\t<\/div>\n\t\t\t\t<\/div>\n\t\t\t\t<div class=\"elementor-element elementor-element-0b310e0 elementor-align-center elementor-widget elementor-widget-button\" data-id=\"0b310e0\" data-element_type=\"widget\" data-e-type=\"widget\" data-widget_type=\"button.default\">\n\t\t\t\t<div class=\"elementor-widget-container\">\n\t\t\t\t\t\t\t\t\t<div class=\"elementor-button-wrapper\">\n\t\t\t\t\t<a class=\"elementor-button elementor-button-link elementor-size-lg elementor-animation-float\" href=\"https:\/\/danvals.com\/nb\/tilbud\/\">\n\t\t\t\t\t\t<span class=\"elementor-button-content-wrapper\">\n\t\t\t\t\t\t\t\t\t<span class=\"elementor-button-text\">Kontakt<\/span>\n\t\t\t\t\t<\/span>\n\t\t\t\t\t<\/a>\n\t\t\t\t<\/div>\n\t\t\t\t\t\t\t\t<\/div>\n\t\t\t\t<\/div>\n\t\t\t\t\t<\/div>\n\t\t<\/div>\n\t\t\t\t\t<\/div>\n\t\t<\/section>\n\t\t\t\t<\/div>\n\t\t","protected":false},"excerpt":{"rendered":"<p>Robotsveising Forside Dan Vals bruker robotsveising slik at vi kan tilby h\u00f8y presisjon og effektiv sveising. Vi garanterer h\u00f8y kvalitet og spesialiserte l\u00f8sninger \u2013 hver gang! Robotsveising: Ensartet sveising Med robotsveising f\u00e5r du b\u00e5de presise og mer effektive resultater, noe som er en fordel n\u00e5r du jobber med store serier. Vi benytter oss av avansert, [&hellip;]<\/p>\n","protected":false},"author":2,"featured_media":0,"parent":10539,"menu_order":0,"comment_status":"closed","ping_status":"closed","template":"","meta":{"site-sidebar-layout":"no-sidebar","site-content-layout":"page-builder","ast-site-content-layout":"full-width-container","site-content-style":"unboxed","site-sidebar-style":"unboxed","ast-global-header-display":"","ast-banner-title-visibility":"","ast-main-header-display":"","ast-hfb-above-header-display":"","ast-hfb-below-header-display":"","ast-hfb-mobile-header-display":"","site-post-title":"disabled","ast-breadcrumbs-content":"","ast-featured-img":"disabled","footer-sml-layout":"","ast-disable-related-posts":"","theme-transparent-header-meta":"","adv-header-id-meta":"","stick-header-meta":"","header-above-stick-meta":"","header-main-stick-meta":"","header-below-stick-meta":"","astra-migrate-meta-layouts":"set","ast-page-background-enabled":"default","ast-page-background-meta":{"desktop":{"background-color":"var(--ast-global-color-4)","background-image":"","background-repeat":"repeat","background-position":"center center","background-size":"auto","background-attachment":"scroll","background-type":"","background-media":"","overlay-type":"","overlay-color":"","overlay-opacity":"","overlay-gradient":""},"tablet":{"background-color":"","background-image":"","background-repeat":"repeat","background-position":"center center","background-size":"auto","background-attachment":"scroll","background-type":"","background-media":"","overlay-type":"","overlay-color":"","overlay-opacity":"","overlay-gradient":""},"mobile":{"background-color":"","background-image":"","background-repeat":"repeat","background-position":"center center","background-size":"auto","background-attachment":"scroll","background-type":"","background-media":"","overlay-type":"","overlay-color":"","overlay-opacity":"","overlay-gradient":""}},"ast-content-background-meta":{"desktop":{"background-color":"var(--ast-global-color-5)","background-image":"","background-repeat":"repeat","background-position":"center center","background-size":"auto","background-attachment":"scroll","background-type":"","background-media":"","overlay-type":"","overlay-color":"","overlay-opacity":"","overlay-gradient":""},"tablet":{"background-color":"var(--ast-global-color-5)","background-image":"","background-repeat":"repeat","background-position":"center center","background-size":"auto","background-attachment":"scroll","background-type":"","background-media":"","overlay-type":"","overlay-color":"","overlay-opacity":"","overlay-gradient":""},"mobile":{"background-color":"var(--ast-global-color-5)","background-image":"","background-repeat":"repeat","background-position":"center center","background-size":"auto","background-attachment":"scroll","background-type":"","background-media":"","overlay-type":"","overlay-color":"","overlay-opacity":"","overlay-gradient":""}},"footnotes":""},"class_list":["post-10535","page","type-page","status-publish","hentry"],"yoast_head":"<!-- This site is optimized with the Yoast SEO plugin v27.5 - https:\/\/yoast.com\/product\/yoast-seo-wordpress\/ -->\n<title>Robotsveising | Les om presis metode her | Dan Vals<\/title>\n<meta name=\"description\" content=\"Med robotsveising fra Dan Vals f\u00e5r du presise emner i h\u00f8y kvalitet. Denne metoden sparer tid og sikrer en lavere feilkvote. Se mer her.\" \/>\n<meta name=\"robots\" content=\"index, follow, max-snippet:-1, max-image-preview:large, max-video-preview:-1\" \/>\n<link rel=\"canonical\" href=\"https:\/\/danvals.com\/nb\/metallbearbeiding\/sveising\/robotsveising\/\" \/>\n<meta property=\"og:locale\" content=\"nb_NO\" \/>\n<meta property=\"og:type\" content=\"article\" \/>\n<meta property=\"og:title\" content=\"Robotsveising | Les om presis metode her | Dan Vals\" \/>\n<meta property=\"og:description\" content=\"Med robotsveising fra Dan Vals f\u00e5r du presise emner i h\u00f8y kvalitet. Denne metoden sparer tid og sikrer en lavere feilkvote. Se mer her.\" \/>\n<meta property=\"og:url\" content=\"https:\/\/danvals.com\/nb\/metallbearbeiding\/sveising\/robotsveising\/\" \/>\n<meta property=\"og:site_name\" content=\"DanVals Profilvalsning\" \/>\n<meta property=\"article:modified_time\" content=\"2024-01-08T09:54:04+00:00\" \/>\n<meta property=\"og:image\" content=\"https:\/\/danvals.com\/wp-content\/uploads\/robotsvejsning.jpg\" \/>\n<meta name=\"twitter:card\" content=\"summary_large_image\" \/>\n<meta name=\"twitter:label1\" content=\"Ansl. lesetid\" \/>\n\t<meta name=\"twitter:data1\" content=\"3 minutter\" \/>\n<script type=\"application\/ld+json\" class=\"yoast-schema-graph\">{\"@context\":\"https:\\\/\\\/schema.org\",\"@graph\":[{\"@type\":\"WebPage\",\"@id\":\"https:\\\/\\\/danvals.com\\\/nb\\\/metallbearbeiding\\\/sveising\\\/robotsveising\\\/\",\"url\":\"https:\\\/\\\/danvals.com\\\/nb\\\/metallbearbeiding\\\/sveising\\\/robotsveising\\\/\",\"name\":\"Robotsveising | Les om presis metode her | Dan Vals\",\"isPartOf\":{\"@id\":\"https:\\\/\\\/danvals.com\\\/#website\"},\"primaryImageOfPage\":{\"@id\":\"https:\\\/\\\/danvals.com\\\/nb\\\/metallbearbeiding\\\/sveising\\\/robotsveising\\\/#primaryimage\"},\"image\":{\"@id\":\"https:\\\/\\\/danvals.com\\\/nb\\\/metallbearbeiding\\\/sveising\\\/robotsveising\\\/#primaryimage\"},\"thumbnailUrl\":\"https:\\\/\\\/danvals.com\\\/wp-content\\\/uploads\\\/robotsvejsning.jpg\",\"datePublished\":\"2022-06-13T07:10:01+00:00\",\"dateModified\":\"2024-01-08T09:54:04+00:00\",\"description\":\"Med robotsveising fra Dan Vals f\u00e5r du presise emner i h\u00f8y kvalitet. Denne metoden sparer tid og sikrer en lavere feilkvote. Se mer her.\",\"breadcrumb\":{\"@id\":\"https:\\\/\\\/danvals.com\\\/nb\\\/metallbearbeiding\\\/sveising\\\/robotsveising\\\/#breadcrumb\"},\"inLanguage\":\"nb-NO\",\"potentialAction\":[{\"@type\":\"ReadAction\",\"target\":[\"https:\\\/\\\/danvals.com\\\/nb\\\/metallbearbeiding\\\/sveising\\\/robotsveising\\\/\"]}]},{\"@type\":\"ImageObject\",\"inLanguage\":\"nb-NO\",\"@id\":\"https:\\\/\\\/danvals.com\\\/nb\\\/metallbearbeiding\\\/sveising\\\/robotsveising\\\/#primaryimage\",\"url\":\"https:\\\/\\\/danvals.com\\\/wp-content\\\/uploads\\\/robotsvejsning.jpg\",\"contentUrl\":\"https:\\\/\\\/danvals.com\\\/wp-content\\\/uploads\\\/robotsvejsning.jpg\"},{\"@type\":\"BreadcrumbList\",\"@id\":\"https:\\\/\\\/danvals.com\\\/nb\\\/metallbearbeiding\\\/sveising\\\/robotsveising\\\/#breadcrumb\",\"itemListElement\":[{\"@type\":\"ListItem\",\"position\":1,\"name\":\"Hjem\",\"item\":\"https:\\\/\\\/danvals.com\\\/nb\\\/forside\\\/\"},{\"@type\":\"ListItem\",\"position\":2,\"name\":\"Metallbearbeiding\",\"item\":\"https:\\\/\\\/danvals.com\\\/nb\\\/metallbearbeiding\\\/\"},{\"@type\":\"ListItem\",\"position\":3,\"name\":\"Sveising\",\"item\":\"https:\\\/\\\/danvals.com\\\/nb\\\/metallbearbeiding\\\/sveising\\\/\"},{\"@type\":\"ListItem\",\"position\":4,\"name\":\"Robotsveising\"}]},{\"@type\":\"WebSite\",\"@id\":\"https:\\\/\\\/danvals.com\\\/#website\",\"url\":\"https:\\\/\\\/danvals.com\\\/\",\"name\":\"DanVals Profilvalsning\",\"description\":\"Profile rolling and bending\",\"publisher\":{\"@id\":\"https:\\\/\\\/danvals.com\\\/#organization\"},\"potentialAction\":[{\"@type\":\"SearchAction\",\"target\":{\"@type\":\"EntryPoint\",\"urlTemplate\":\"https:\\\/\\\/danvals.com\\\/?s={search_term_string}\"},\"query-input\":{\"@type\":\"PropertyValueSpecification\",\"valueRequired\":true,\"valueName\":\"search_term_string\"}}],\"inLanguage\":\"nb-NO\"},{\"@type\":\"Organization\",\"@id\":\"https:\\\/\\\/danvals.com\\\/#organization\",\"name\":\"Dan Vals\",\"url\":\"https:\\\/\\\/danvals.com\\\/\",\"logo\":{\"@type\":\"ImageObject\",\"inLanguage\":\"nb-NO\",\"@id\":\"https:\\\/\\\/danvals.com\\\/#\\\/schema\\\/logo\\\/image\\\/\",\"url\":\"https:\\\/\\\/danvals.com\\\/wp-content\\\/uploads\\\/profilvalsning_logo_01.png\",\"contentUrl\":\"https:\\\/\\\/danvals.com\\\/wp-content\\\/uploads\\\/profilvalsning_logo_01.png\",\"width\":140,\"height\":140,\"caption\":\"Dan Vals\"},\"image\":{\"@id\":\"https:\\\/\\\/danvals.com\\\/#\\\/schema\\\/logo\\\/image\\\/\"}}]}<\/script>\n<!-- \/ Yoast SEO plugin. -->","yoast_head_json":{"title":"Robotsveising | Les om presis metode her | Dan Vals","description":"Med robotsveising fra Dan Vals f\u00e5r du presise emner i h\u00f8y kvalitet. Denne metoden sparer tid og sikrer en lavere feilkvote. Se mer her.","robots":{"index":"index","follow":"follow","max-snippet":"max-snippet:-1","max-image-preview":"max-image-preview:large","max-video-preview":"max-video-preview:-1"},"canonical":"https:\/\/danvals.com\/nb\/metallbearbeiding\/sveising\/robotsveising\/","og_locale":"nb_NO","og_type":"article","og_title":"Robotsveising | Les om presis metode her | Dan Vals","og_description":"Med robotsveising fra Dan Vals f\u00e5r du presise emner i h\u00f8y kvalitet. Denne metoden sparer tid og sikrer en lavere feilkvote. Se mer her.","og_url":"https:\/\/danvals.com\/nb\/metallbearbeiding\/sveising\/robotsveising\/","og_site_name":"DanVals Profilvalsning","article_modified_time":"2024-01-08T09:54:04+00:00","og_image":[{"url":"https:\/\/danvals.com\/wp-content\/uploads\/robotsvejsning.jpg","type":"","width":"","height":""}],"twitter_card":"summary_large_image","twitter_misc":{"Ansl. lesetid":"3 minutter"},"schema":{"@context":"https:\/\/schema.org","@graph":[{"@type":"WebPage","@id":"https:\/\/danvals.com\/nb\/metallbearbeiding\/sveising\/robotsveising\/","url":"https:\/\/danvals.com\/nb\/metallbearbeiding\/sveising\/robotsveising\/","name":"Robotsveising | Les om presis metode her | Dan Vals","isPartOf":{"@id":"https:\/\/danvals.com\/#website"},"primaryImageOfPage":{"@id":"https:\/\/danvals.com\/nb\/metallbearbeiding\/sveising\/robotsveising\/#primaryimage"},"image":{"@id":"https:\/\/danvals.com\/nb\/metallbearbeiding\/sveising\/robotsveising\/#primaryimage"},"thumbnailUrl":"https:\/\/danvals.com\/wp-content\/uploads\/robotsvejsning.jpg","datePublished":"2022-06-13T07:10:01+00:00","dateModified":"2024-01-08T09:54:04+00:00","description":"Med robotsveising fra Dan Vals f\u00e5r du presise emner i h\u00f8y kvalitet. Denne metoden sparer tid og sikrer en lavere feilkvote. Se mer her.","breadcrumb":{"@id":"https:\/\/danvals.com\/nb\/metallbearbeiding\/sveising\/robotsveising\/#breadcrumb"},"inLanguage":"nb-NO","potentialAction":[{"@type":"ReadAction","target":["https:\/\/danvals.com\/nb\/metallbearbeiding\/sveising\/robotsveising\/"]}]},{"@type":"ImageObject","inLanguage":"nb-NO","@id":"https:\/\/danvals.com\/nb\/metallbearbeiding\/sveising\/robotsveising\/#primaryimage","url":"https:\/\/danvals.com\/wp-content\/uploads\/robotsvejsning.jpg","contentUrl":"https:\/\/danvals.com\/wp-content\/uploads\/robotsvejsning.jpg"},{"@type":"BreadcrumbList","@id":"https:\/\/danvals.com\/nb\/metallbearbeiding\/sveising\/robotsveising\/#breadcrumb","itemListElement":[{"@type":"ListItem","position":1,"name":"Hjem","item":"https:\/\/danvals.com\/nb\/forside\/"},{"@type":"ListItem","position":2,"name":"Metallbearbeiding","item":"https:\/\/danvals.com\/nb\/metallbearbeiding\/"},{"@type":"ListItem","position":3,"name":"Sveising","item":"https:\/\/danvals.com\/nb\/metallbearbeiding\/sveising\/"},{"@type":"ListItem","position":4,"name":"Robotsveising"}]},{"@type":"WebSite","@id":"https:\/\/danvals.com\/#website","url":"https:\/\/danvals.com\/","name":"DanVals Profilvalsning","description":"Profile rolling and bending","publisher":{"@id":"https:\/\/danvals.com\/#organization"},"potentialAction":[{"@type":"SearchAction","target":{"@type":"EntryPoint","urlTemplate":"https:\/\/danvals.com\/?s={search_term_string}"},"query-input":{"@type":"PropertyValueSpecification","valueRequired":true,"valueName":"search_term_string"}}],"inLanguage":"nb-NO"},{"@type":"Organization","@id":"https:\/\/danvals.com\/#organization","name":"Dan Vals","url":"https:\/\/danvals.com\/","logo":{"@type":"ImageObject","inLanguage":"nb-NO","@id":"https:\/\/danvals.com\/#\/schema\/logo\/image\/","url":"https:\/\/danvals.com\/wp-content\/uploads\/profilvalsning_logo_01.png","contentUrl":"https:\/\/danvals.com\/wp-content\/uploads\/profilvalsning_logo_01.png","width":140,"height":140,"caption":"Dan Vals"},"image":{"@id":"https:\/\/danvals.com\/#\/schema\/logo\/image\/"}}]}},"_links":{"self":[{"href":"https:\/\/danvals.com\/nb\/wp-json\/wp\/v2\/pages\/10535","targetHints":{"allow":["GET"]}}],"collection":[{"href":"https:\/\/danvals.com\/nb\/wp-json\/wp\/v2\/pages"}],"about":[{"href":"https:\/\/danvals.com\/nb\/wp-json\/wp\/v2\/types\/page"}],"author":[{"embeddable":true,"href":"https:\/\/danvals.com\/nb\/wp-json\/wp\/v2\/users\/2"}],"replies":[{"embeddable":true,"href":"https:\/\/danvals.com\/nb\/wp-json\/wp\/v2\/comments?post=10535"}],"version-history":[{"count":8,"href":"https:\/\/danvals.com\/nb\/wp-json\/wp\/v2\/pages\/10535\/revisions"}],"predecessor-version":[{"id":11464,"href":"https:\/\/danvals.com\/nb\/wp-json\/wp\/v2\/pages\/10535\/revisions\/11464"}],"up":[{"embeddable":true,"href":"https:\/\/danvals.com\/nb\/wp-json\/wp\/v2\/pages\/10539"}],"wp:attachment":[{"href":"https:\/\/danvals.com\/nb\/wp-json\/wp\/v2\/media?parent=10535"}],"curies":[{"name":"wp","href":"https:\/\/api.w.org\/{rel}","templated":true}]}}